{"id":1410,"date":"2024-01-12T14:45:14","date_gmt":"2024-01-12T14:45:14","guid":{"rendered":"https:\/\/artiwise.cloud\/tr\/konu-agaci\/"},"modified":"2024-01-12T14:47:01","modified_gmt":"2024-01-12T14:47:01","slug":"konu-agaci","status":"publish","type":"page","link":"https:\/\/artiwise.com\/tr\/konu-agaci\/","title":{"rendered":"Konu A\u011fac\u0131"},"content":{"rendered":"\t\t<div data-elementor-type=\"wp-page\" data-elementor-id=\"1410\" class=\"elementor elementor-1410\" data-elementor-post-type=\"page\">\n\t\t\t\t\t\t<section class=\"elementor-section elementor-top-section elementor-element elementor-element-3300a0ea elementor-section-full_width elementor-section-height-default elementor-section-height-default\" data-id=\"3300a0ea\" data-element_type=\"section\" data-e-type=\"section\" data-settings=\"{&quot;background_background&quot;:&quot;classic&quot;}\">\n\t\t\t\t\t\t\t<div class=\"elementor-background-overlay\"><\/div>\n\t\t\t\t\t\t\t<div class=\"elementor-container elementor-column-gap-no\">\n\t\t\t\t\t<div class=\"elementor-column elementor-col-100 elementor-top-column elementor-element elementor-element-35d6b5a1\" data-id=\"35d6b5a1\" data-element_type=\"column\" data-e-type=\"column\">\n\t\t\t<div class=\"elementor-widget-wrap elementor-element-populated\">\n\t\t\t\t\t\t<div class=\"elementor-element elementor-element-65137dfd elementor-widget elementor-widget-spacer\" data-id=\"65137dfd\" data-element_type=\"widget\" data-e-type=\"widget\" data-widget_type=\"spacer.default\">\n\t\t\t\t<div class=\"elementor-widget-container\">\n\t\t\t\t\t\t\t<div class=\"elementor-spacer\">\n\t\t\t<div class=\"elementor-spacer-inner\"><\/div>\n\t\t<\/div>\n\t\t\t\t\t\t<\/div>\n\t\t\t\t<\/div>\n\t\t\t\t<div class=\"elementor-element elementor-element-21a5eaed elementor-widget elementor-widget-heading\" data-id=\"21a5eaed\" data-element_type=\"widget\" data-e-type=\"widget\" data-widget_type=\"heading.default\">\n\t\t\t\t<div class=\"elementor-widget-container\">\n\t\t\t\t\t<h1 class=\"elementor-heading-title elementor-size-default\">Konu A\u011fac\u0131<\/h1>\t\t\t\t<\/div>\n\t\t\t\t<\/div>\n\t\t\t\t\t<\/div>\n\t\t<\/div>\n\t\t\t\t\t<\/div>\n\t\t<\/section>\n\t\t\t\t<section class=\"elementor-section elementor-top-section elementor-element elementor-element-165916b2 elementor-section-boxed elementor-section-height-default elementor-section-height-default\" data-id=\"165916b2\" data-element_type=\"section\" data-e-type=\"section\">\n\t\t\t\t\t\t\t<div class=\"elementor-background-overlay\"><\/div>\n\t\t\t\t\t\t\t<div class=\"elementor-container elementor-column-gap-default\">\n\t\t\t\t\t<div class=\"elementor-column elementor-col-50 elementor-top-column elementor-element elementor-element-2b071ae3\" data-id=\"2b071ae3\" data-element_type=\"column\" data-e-type=\"column\">\n\t\t\t<div class=\"elementor-widget-wrap elementor-element-populated\">\n\t\t\t\t\t\t<div class=\"elementor-element elementor-element-292d6a16 elementor-widget elementor-widget-text-editor\" data-id=\"292d6a16\" data-element_type=\"widget\" data-e-type=\"widget\" data-widget_type=\"text-editor.default\">\n\t\t\t\t<div class=\"elementor-widget-container\">\n\t\t\t\t\t\t\t\t\t<p>Kurumlar her m\u00fc\u015fteri geri bildirimini analiz ederek, \u00fcr\u00fcnleri ve hizmetleri hakk\u0131nda paha bi\u00e7ilmez i\u00e7g\u00f6r\u00fcler elde edebilir ve m\u00fc\u015fteri kaybetme oranlar\u0131n\u0131 azaltabilir. Ancak bunu yapmak i\u00e7in kurumlar\u0131n i\u015f modellerine makine \u00f6\u011frenimiyle birlikte konu a\u011fac\u0131 olu\u015fturmas\u0131 ve otomatik kategorize etmesi gerekir.<\/p><p>Bir s\u0131n\u0131fland\u0131r\u0131c\u0131 olu\u015fturman\u0131n en kritik y\u00f6nlerinden biri konu a\u011fac\u0131n\u0131 belirlemektir.<\/p><p>\u00d6rne\u011fin duygu analizi ile ilgileniyorsan\u0131z konu a\u011fac\u0131n\u0131z belirlidir ancak bazen hangi konular\u0131 kategorizasyon gerekti\u011fini bilemezsiniz. Bu durumda, modeliniz i\u00e7in uygun konular\u0131n hangileri oldu\u011funu belirlemek i\u00e7in \u00f6nce verilerinizi ke\u015ffetmeniz ve anlaman\u0131z gerekir. Konu a\u011fac\u0131 m\u00fc\u015fteri profiline, duyguya, sekt\u00f6re, \u00fcr\u00fcn veya hizmet t\u00fcr\u00fcnde ihtiyaca y\u00f6nelik olu\u015fturulabilir.<\/p>\t\t\t\t\t\t\t\t<\/div>\n\t\t\t\t<\/div>\n\t\t\t\t\t<\/div>\n\t\t<\/div>\n\t\t\t\t<div class=\"elementor-column elementor-col-50 elementor-top-column elementor-element elementor-element-12d610a0\" data-id=\"12d610a0\" data-element_type=\"column\" data-e-type=\"column\">\n\t\t\t<div class=\"elementor-widget-wrap elementor-element-populated\">\n\t\t\t\t\t\t<div class=\"elementor-element elementor-element-638a2075 elementor-widget elementor-widget-image\" data-id=\"638a2075\" data-element_type=\"widget\" data-e-type=\"widget\" data-widget_type=\"image.default\">\n\t\t\t\t<div class=\"elementor-widget-container\">\n\t\t\t\t\t\t\t\t\t\t\t\t\t\t\t<img fetchpriority=\"high\" decoding=\"async\" width=\"640\" height=\"490\" src=\"https:\/\/artiwise.com\/tr\/wp-content\/uploads\/sites\/2\/2024\/01\/1240_950.png\" class=\"attachment-large size-large wp-image-1411\" alt=\"\" srcset=\"https:\/\/artiwise.com\/tr\/wp-content\/uploads\/sites\/2\/2024\/01\/1240_950.png 640w, https:\/\/artiwise.com\/tr\/wp-content\/uploads\/sites\/2\/2024\/01\/1240_950-300x230.png 300w, https:\/\/artiwise.com\/tr\/wp-content\/uploads\/sites\/2\/2024\/01\/1240_950-59x45.png 59w, https:\/\/artiwise.com\/tr\/wp-content\/uploads\/sites\/2\/2024\/01\/1240_950-104x80.png 104w, https:\/\/artiwise.com\/tr\/wp-content\/uploads\/sites\/2\/2024\/01\/1240_950-394x303.png 394w\" sizes=\"(max-width: 640px) 100vw, 640px\" \/>\t\t\t\t\t\t\t\t\t\t\t\t\t\t\t<\/div>\n\t\t\t\t<\/div>\n\t\t\t\t\t<\/div>\n\t\t<\/div>\n\t\t\t\t\t<\/div>\n\t\t<\/section>\n\t\t\t\t<section class=\"elementor-section elementor-top-section elementor-element elementor-element-3ed6a024 elementor-section-boxed elementor-section-height-default elementor-section-height-default\" data-id=\"3ed6a024\" data-element_type=\"section\" data-e-type=\"section\" data-settings=\"{&quot;background_background&quot;:&quot;classic&quot;}\">\n\t\t\t\t\t\t\t<div class=\"elementor-background-overlay\"><\/div>\n\t\t\t\t\t\t\t<div class=\"elementor-container elementor-column-gap-default\">\n\t\t\t\t\t<div class=\"elementor-column elementor-col-100 elementor-top-column elementor-element elementor-element-52dd9fd9\" data-id=\"52dd9fd9\" data-element_type=\"column\" data-e-type=\"column\">\n\t\t\t<div class=\"elementor-widget-wrap elementor-element-populated\">\n\t\t\t\t\t\t<div class=\"elementor-element elementor-element-6d83f1b0 elementor-widget elementor-widget-spacer\" data-id=\"6d83f1b0\" data-element_type=\"widget\" data-e-type=\"widget\" data-widget_type=\"spacer.default\">\n\t\t\t\t<div class=\"elementor-widget-container\">\n\t\t\t\t\t\t\t<div class=\"elementor-spacer\">\n\t\t\t<div class=\"elementor-spacer-inner\"><\/div>\n\t\t<\/div>\n\t\t\t\t\t\t<\/div>\n\t\t\t\t<\/div>\n\t\t\t\t<div class=\"elementor-element elementor-element-28d9a63e elementor-widget elementor-widget-heading\" data-id=\"28d9a63e\" data-element_type=\"widget\" data-e-type=\"widget\" data-widget_type=\"heading.default\">\n\t\t\t\t<div class=\"elementor-widget-container\">\n\t\t\t\t\t<h5 class=\"elementor-heading-title elementor-size-default\">Konular\u0131n\u0131z\u0131 tan\u0131mlarken g\u00f6z \u00f6n\u00fcnde bulundurman\u0131z gereken \u00f6ncelikler \u015funlard\u0131r:<\/h5>\t\t\t\t<\/div>\n\t\t\t\t<\/div>\n\t\t\t\t<div class=\"elementor-element elementor-element-6ac1ee5e elementor-widget elementor-widget-spacer\" data-id=\"6ac1ee5e\" data-element_type=\"widget\" data-e-type=\"widget\" data-widget_type=\"spacer.default\">\n\t\t\t\t<div class=\"elementor-widget-container\">\n\t\t\t\t\t\t\t<div class=\"elementor-spacer\">\n\t\t\t<div class=\"elementor-spacer-inner\"><\/div>\n\t\t<\/div>\n\t\t\t\t\t\t<\/div>\n\t\t\t\t<\/div>\n\t\t\t\t<section class=\"elementor-section elementor-inner-section elementor-element elementor-element-80f4696 elementor-section-boxed elementor-section-height-default elementor-section-height-default\" data-id=\"80f4696\" data-element_type=\"section\" data-e-type=\"section\">\n\t\t\t\t\t\t<div class=\"elementor-container elementor-column-gap-default\">\n\t\t\t\t\t<div class=\"elementor-column elementor-col-50 elementor-inner-column elementor-element elementor-element-622d2778\" data-id=\"622d2778\" data-element_type=\"column\" data-e-type=\"column\">\n\t\t\t<div class=\"elementor-widget-wrap\">\n\t\t\t\t\t\t\t<\/div>\n\t\t<\/div>\n\t\t\t\t<div class=\"elementor-column elementor-col-50 elementor-inner-column elementor-element elementor-element-1e6ff25e\" data-id=\"1e6ff25e\" data-element_type=\"column\" data-e-type=\"column\">\n\t\t\t<div class=\"elementor-widget-wrap\">\n\t\t\t\t\t\t\t<\/div>\n\t\t<\/div>\n\t\t\t\t\t<\/div>\n\t\t<\/section>\n\t\t\t\t<section class=\"elementor-section elementor-inner-section elementor-element elementor-element-7510a2a3 elementor-section-boxed elementor-section-height-default elementor-section-height-default\" data-id=\"7510a2a3\" data-element_type=\"section\" data-e-type=\"section\">\n\t\t\t\t\t\t<div class=\"elementor-container elementor-column-gap-default\">\n\t\t\t\t\t<div class=\"elementor-column elementor-col-33 elementor-inner-column elementor-element elementor-element-1acd43ff\" data-id=\"1acd43ff\" data-element_type=\"column\" data-e-type=\"column\">\n\t\t\t<div class=\"elementor-widget-wrap\">\n\t\t\t\t\t\t\t<\/div>\n\t\t<\/div>\n\t\t\t\t<div class=\"elementor-column elementor-col-33 elementor-inner-column elementor-element elementor-element-151a46c0\" data-id=\"151a46c0\" data-element_type=\"column\" data-e-type=\"column\">\n\t\t\t<div class=\"elementor-widget-wrap\">\n\t\t\t\t\t\t\t<\/div>\n\t\t<\/div>\n\t\t\t\t<div class=\"elementor-column elementor-col-33 elementor-inner-column elementor-element elementor-element-65168d50\" data-id=\"65168d50\" data-element_type=\"column\" data-e-type=\"column\">\n\t\t\t<div class=\"elementor-widget-wrap\">\n\t\t\t\t\t\t\t<\/div>\n\t\t<\/div>\n\t\t\t\t\t<\/div>\n\t\t<\/section>\n\t\t\t\t<section class=\"elementor-section elementor-inner-section elementor-element elementor-element-681d2053 elementor-section-boxed elementor-section-height-default elementor-section-height-default\" data-id=\"681d2053\" data-element_type=\"section\" data-e-type=\"section\">\n\t\t\t\t\t\t<div class=\"elementor-container elementor-column-gap-default\">\n\t\t\t\t\t<div class=\"elementor-column elementor-col-50 elementor-inner-column elementor-element elementor-element-46d4b2ba\" data-id=\"46d4b2ba\" data-element_type=\"column\" data-e-type=\"column\">\n\t\t\t<div class=\"elementor-widget-wrap\">\n\t\t\t\t\t\t\t<\/div>\n\t\t<\/div>\n\t\t\t\t<div class=\"elementor-column elementor-col-50 elementor-inner-column elementor-element elementor-element-6400c141\" data-id=\"6400c141\" data-element_type=\"column\" data-e-type=\"column\">\n\t\t\t<div class=\"elementor-widget-wrap\">\n\t\t\t\t\t\t\t<\/div>\n\t\t<\/div>\n\t\t\t\t\t<\/div>\n\t\t<\/section>\n\t\t\t\t<div class=\"elementor-element elementor-element-2bedd86e elementor-widget elementor-widget-spacer\" data-id=\"2bedd86e\" data-element_type=\"widget\" data-e-type=\"widget\" data-widget_type=\"spacer.default\">\n\t\t\t\t<div class=\"elementor-widget-container\">\n\t\t\t\t\t\t\t<div class=\"elementor-spacer\">\n\t\t\t<div class=\"elementor-spacer-inner\"><\/div>\n\t\t<\/div>\n\t\t\t\t\t\t<\/div>\n\t\t\t\t<\/div>\n\t\t\t\t\t<\/div>\n\t\t<\/div>\n\t\t\t\t\t<\/div>\n\t\t<\/section>\n\t\t\t\t<section class=\"elementor-section elementor-top-section elementor-element elementor-element-3bbb9d61 elementor-section-boxed elementor-section-height-default elementor-section-height-default\" data-id=\"3bbb9d61\" data-element_type=\"section\" data-e-type=\"section\">\n\t\t\t\t\t\t<div class=\"elementor-container elementor-column-gap-default\">\n\t\t\t\t\t<div class=\"elementor-column elementor-col-100 elementor-top-column elementor-element elementor-element-7ae47670\" data-id=\"7ae47670\" data-element_type=\"column\" data-e-type=\"column\">\n\t\t\t<div class=\"elementor-widget-wrap elementor-element-populated\">\n\t\t\t\t\t\t<div class=\"elementor-element elementor-element-cd65ef2 elementor-widget elementor-widget-text-editor\" data-id=\"cd65ef2\" data-element_type=\"widget\" data-e-type=\"widget\" data-widget_type=\"text-editor.default\">\n\t\t\t\t<div class=\"elementor-widget-container\">\n\t\t\t\t\t\t\t\t\t<p>Artiwise, m\u00fc\u015fteri incelemelerini, destek biletlerini, sosyal medya i\u00e7eriklerini veya di\u011fer t\u00fcrden metin belgelerini i\u00e7eriklerine g\u00f6re otomatik olarak s\u0131n\u0131fland\u0131rmak i\u00e7in do\u011fal dil i\u015fleme (NLP) ve makine \u00f6\u011freniminin bir kombinasyonunu kullan\u0131r. Artiwise Analytics ile \u00e7ok say\u0131da farkl\u0131 belgeyi g\u00fcvenilir bir \u015fekilde konu a\u011fac\u0131n\u0131za g\u00f6re kategorize ederek \u00e7e\u015fitli rapor \u015fablonlar\u0131nda verinizi g\u00f6rselle\u015ftirir.<\/p><p>Kurumlara yenilik\u00e7i metin analizi \u00e7\u00f6z\u00fcmlerimiz arac\u0131l\u0131\u011f\u0131yla metin verilerinin tam de\u011ferini ortaya \u00e7\u0131karmalar\u0131na Artiwise Analytics platformu ve veri bilimi dan\u0131\u015fmanl\u0131\u011f\u0131 ile yard\u0131mc\u0131 oluyoruz. \u00c7\u00f6z\u00fcmlerimiz; anket yorumlar\u0131, e-ticaret \u00fcr\u00fcn yorumlar\u0131, ticaret sicil gazetesi, haberler, bildirim y\u00f6netim sistemleri ve di\u011fer karma\u015f\u0131k metin belgelerinde ba\u011flam a\u00e7\u0131s\u0131ndan zengin kal\u0131plar\u0131 ve i\u00e7g\u00f6r\u00fcleri ortaya \u00e7\u0131karmak i\u00e7in do\u011fal dil i\u015fleme, yar\u0131 yap\u0131land\u0131r\u0131lm\u0131\u015f veri ayr\u0131\u015ft\u0131rma ve makine \u00f6\u011frenimini birle\u015ftirir.<\/p><p>Kurumlar ve veri analistleri, verilerinden daha derin i\u00e7g\u00f6r\u00fcler ve daha fazla de\u011fer elde ederek m\u00fc\u015fteri deneyimlerini iyile\u015ftirmek, \u00e7al\u0131\u015fan de\u011fi\u015fim oran\u0131n\u0131 azaltmak, yasal uyumlulu\u011fu y\u00f6netmek, s\u00fcre\u00e7 otomasyonunu geli\u015ftirmek ve daha fazlas\u0131 i\u00e7in Artiwise&#8217;a g\u00fcveniyor.<\/p>\t\t\t\t\t\t\t\t<\/div>\n\t\t\t\t<\/div>\n\t\t\t\t<div class=\"elementor-element elementor-element-6499501 elementor-widget elementor-widget-spacer\" data-id=\"6499501\" data-element_type=\"widget\" data-e-type=\"widget\" data-widget_type=\"spacer.default\">\n\t\t\t\t<div class=\"elementor-widget-container\">\n\t\t\t\t\t\t\t<div class=\"elementor-spacer\">\n\t\t\t<div class=\"elementor-spacer-inner\"><\/div>\n\t\t<\/div>\n\t\t\t\t\t\t<\/div>\n\t\t\t\t<\/div>\n\t\t\t\t\t<\/div>\n\t\t<\/div>\n\t\t\t\t\t<\/div>\n\t\t<\/section>\n\t\t\t\t<\/div>\n\t\t","protected":false},"excerpt":{"rendered":"<p>Konu A\u011fac\u0131 Kurumlar her m\u00fc\u015fteri geri bildirimini analiz ederek, \u00fcr\u00fcnleri ve hizmetleri hakk\u0131nda paha bi\u00e7ilmez i\u00e7g\u00f6r\u00fcler elde edebilir ve m\u00fc\u015fteri kaybetme oranlar\u0131n\u0131 azaltabilir. Ancak bunu yapmak i\u00e7in kurumlar\u0131n i\u015f modellerine makine \u00f6\u011frenimiyle birlikte konu a\u011fac\u0131 olu\u015fturmas\u0131 ve otomatik kategorize etmesi gerekir. Bir s\u0131n\u0131fland\u0131r\u0131c\u0131 olu\u015fturman\u0131n en kritik y\u00f6nlerinden biri konu a\u011fac\u0131n\u0131 belirlemektir. \u00d6rne\u011fin duygu analizi ile [&hellip;]<\/p>\n","protected":false},"author":1,"featured_media":0,"parent":0,"menu_order":0,"comment_status":"closed","ping_status":"closed","template":"","meta":{"footnotes":""},"categories":[],"tags":[],"class_list":["post-1410","page","type-page","status-publish","hentry"],"yoast_head":"<!-- This site is optimized with the Yoast SEO plugin v27.1.1 - https:\/\/yoast.com\/product\/yoast-seo-wordpress\/ -->\n<title>Konu A\u011fac\u0131 - Artiwise<\/title>\n<meta name=\"robots\" content=\"index, follow, max-snippet:-1, max-image-preview:large, max-video-preview:-1\" \/>\n<link rel=\"canonical\" href=\"https:\/\/artiwise.com\/tr\/konu-agaci\/\" \/>\n<meta property=\"og:locale\" content=\"tr_TR\" \/>\n<meta property=\"og:type\" content=\"article\" \/>\n<meta property=\"og:title\" content=\"Konu A\u011fac\u0131 - Artiwise\" \/>\n<meta property=\"og:description\" content=\"Konu A\u011fac\u0131 Kurumlar her m\u00fc\u015fteri geri bildirimini analiz ederek, \u00fcr\u00fcnleri ve hizmetleri hakk\u0131nda paha bi\u00e7ilmez i\u00e7g\u00f6r\u00fcler elde edebilir ve m\u00fc\u015fteri kaybetme oranlar\u0131n\u0131 azaltabilir. Ancak bunu yapmak i\u00e7in kurumlar\u0131n i\u015f modellerine makine \u00f6\u011frenimiyle birlikte konu a\u011fac\u0131 olu\u015fturmas\u0131 ve otomatik kategorize etmesi gerekir. Bir s\u0131n\u0131fland\u0131r\u0131c\u0131 olu\u015fturman\u0131n en kritik y\u00f6nlerinden biri konu a\u011fac\u0131n\u0131 belirlemektir. \u00d6rne\u011fin duygu analizi ile [&hellip;]\" \/>\n<meta property=\"og:url\" content=\"https:\/\/artiwise.com\/tr\/konu-agaci\/\" \/>\n<meta property=\"og:site_name\" content=\"Artiwise\" \/>\n<meta property=\"article:modified_time\" content=\"2024-01-12T14:47:01+00:00\" \/>\n<meta property=\"og:image\" content=\"http:\/\/artiwise.cloud\/tr\/wp-content\/uploads\/sites\/2\/2024\/01\/1240_950.png\" \/>\n<meta name=\"twitter:card\" content=\"summary_large_image\" \/>\n<meta name=\"twitter:label1\" content=\"Tahmini okuma s\u00fcresi\" \/>\n\t<meta name=\"twitter:data1\" content=\"3 dakika\" \/>\n<script type=\"application\/ld+json\" class=\"yoast-schema-graph\">{\"@context\":\"https:\/\/schema.org\",\"@graph\":[{\"@type\":\"WebPage\",\"@id\":\"https:\/\/artiwise.com\/tr\/konu-agaci\/\",\"url\":\"https:\/\/artiwise.com\/tr\/konu-agaci\/\",\"name\":\"Konu A\u011fac\u0131 - Artiwise\",\"isPartOf\":{\"@id\":\"https:\/\/artiwise.com\/tr\/#website\"},\"primaryImageOfPage\":{\"@id\":\"https:\/\/artiwise.com\/tr\/konu-agaci\/#primaryimage\"},\"image\":{\"@id\":\"https:\/\/artiwise.com\/tr\/konu-agaci\/#primaryimage\"},\"thumbnailUrl\":\"http:\/\/artiwise.cloud\/tr\/wp-content\/uploads\/sites\/2\/2024\/01\/1240_950.png\",\"datePublished\":\"2024-01-12T14:45:14+00:00\",\"dateModified\":\"2024-01-12T14:47:01+00:00\",\"breadcrumb\":{\"@id\":\"https:\/\/artiwise.com\/tr\/konu-agaci\/#breadcrumb\"},\"inLanguage\":\"tr\",\"potentialAction\":[{\"@type\":\"ReadAction\",\"target\":[\"https:\/\/artiwise.com\/tr\/konu-agaci\/\"]}]},{\"@type\":\"ImageObject\",\"inLanguage\":\"tr\",\"@id\":\"https:\/\/artiwise.com\/tr\/konu-agaci\/#primaryimage\",\"url\":\"http:\/\/artiwise.cloud\/tr\/wp-content\/uploads\/sites\/2\/2024\/01\/1240_950.png\",\"contentUrl\":\"http:\/\/artiwise.cloud\/tr\/wp-content\/uploads\/sites\/2\/2024\/01\/1240_950.png\"},{\"@type\":\"BreadcrumbList\",\"@id\":\"https:\/\/artiwise.com\/tr\/konu-agaci\/#breadcrumb\",\"itemListElement\":[{\"@type\":\"ListItem\",\"position\":1,\"name\":\"Home\",\"item\":\"https:\/\/artiwise.com\/tr\/\"},{\"@type\":\"ListItem\",\"position\":2,\"name\":\"Konu A\u011fac\u0131\"}]},{\"@type\":\"WebSite\",\"@id\":\"https:\/\/artiwise.com\/tr\/#website\",\"url\":\"https:\/\/artiwise.com\/tr\/\",\"name\":\"Artiwise\",\"description\":\"Yapay Zeka M\u00fc\u015fteri Deneyimi Y\u00f6netimi Platformu\",\"publisher\":{\"@id\":\"https:\/\/artiwise.com\/tr\/#organization\"},\"potentialAction\":[{\"@type\":\"SearchAction\",\"target\":{\"@type\":\"EntryPoint\",\"urlTemplate\":\"https:\/\/artiwise.com\/tr\/?s={search_term_string}\"},\"query-input\":{\"@type\":\"PropertyValueSpecification\",\"valueRequired\":true,\"valueName\":\"search_term_string\"}}],\"inLanguage\":\"tr\"},{\"@type\":\"Organization\",\"@id\":\"https:\/\/artiwise.com\/tr\/#organization\",\"name\":\"Artiwise\",\"url\":\"https:\/\/artiwise.com\/tr\/\",\"logo\":{\"@type\":\"ImageObject\",\"inLanguage\":\"tr\",\"@id\":\"https:\/\/artiwise.com\/tr\/#\/schema\/logo\/image\/\",\"url\":\"https:\/\/artiwise.com\/tr\/wp-content\/uploads\/sites\/2\/2024\/02\/Artiwiselogo-tfume@1x.svg\",\"contentUrl\":\"https:\/\/artiwise.com\/tr\/wp-content\/uploads\/sites\/2\/2024\/02\/Artiwiselogo-tfume@1x.svg\",\"width\":207,\"height\":37,\"caption\":\"Artiwise\"},\"image\":{\"@id\":\"https:\/\/artiwise.com\/tr\/#\/schema\/logo\/image\/\"}}]}<\/script>\n<!-- \/ Yoast SEO plugin. -->","yoast_head_json":{"title":"Konu A\u011fac\u0131 - Artiwise","robots":{"index":"index","follow":"follow","max-snippet":"max-snippet:-1","max-image-preview":"max-image-preview:large","max-video-preview":"max-video-preview:-1"},"canonical":"https:\/\/artiwise.com\/tr\/konu-agaci\/","og_locale":"tr_TR","og_type":"article","og_title":"Konu A\u011fac\u0131 - Artiwise","og_description":"Konu A\u011fac\u0131 Kurumlar her m\u00fc\u015fteri geri bildirimini analiz ederek, \u00fcr\u00fcnleri ve hizmetleri hakk\u0131nda paha bi\u00e7ilmez i\u00e7g\u00f6r\u00fcler elde edebilir ve m\u00fc\u015fteri kaybetme oranlar\u0131n\u0131 azaltabilir. Ancak bunu yapmak i\u00e7in kurumlar\u0131n i\u015f modellerine makine \u00f6\u011frenimiyle birlikte konu a\u011fac\u0131 olu\u015fturmas\u0131 ve otomatik kategorize etmesi gerekir. Bir s\u0131n\u0131fland\u0131r\u0131c\u0131 olu\u015fturman\u0131n en kritik y\u00f6nlerinden biri konu a\u011fac\u0131n\u0131 belirlemektir. \u00d6rne\u011fin duygu analizi ile [&hellip;]","og_url":"https:\/\/artiwise.com\/tr\/konu-agaci\/","og_site_name":"Artiwise","article_modified_time":"2024-01-12T14:47:01+00:00","og_image":[{"url":"http:\/\/artiwise.cloud\/tr\/wp-content\/uploads\/sites\/2\/2024\/01\/1240_950.png","type":"","width":"","height":""}],"twitter_card":"summary_large_image","twitter_misc":{"Tahmini okuma s\u00fcresi":"3 dakika"},"schema":{"@context":"https:\/\/schema.org","@graph":[{"@type":"WebPage","@id":"https:\/\/artiwise.com\/tr\/konu-agaci\/","url":"https:\/\/artiwise.com\/tr\/konu-agaci\/","name":"Konu A\u011fac\u0131 - Artiwise","isPartOf":{"@id":"https:\/\/artiwise.com\/tr\/#website"},"primaryImageOfPage":{"@id":"https:\/\/artiwise.com\/tr\/konu-agaci\/#primaryimage"},"image":{"@id":"https:\/\/artiwise.com\/tr\/konu-agaci\/#primaryimage"},"thumbnailUrl":"http:\/\/artiwise.cloud\/tr\/wp-content\/uploads\/sites\/2\/2024\/01\/1240_950.png","datePublished":"2024-01-12T14:45:14+00:00","dateModified":"2024-01-12T14:47:01+00:00","breadcrumb":{"@id":"https:\/\/artiwise.com\/tr\/konu-agaci\/#breadcrumb"},"inLanguage":"tr","potentialAction":[{"@type":"ReadAction","target":["https:\/\/artiwise.com\/tr\/konu-agaci\/"]}]},{"@type":"ImageObject","inLanguage":"tr","@id":"https:\/\/artiwise.com\/tr\/konu-agaci\/#primaryimage","url":"http:\/\/artiwise.cloud\/tr\/wp-content\/uploads\/sites\/2\/2024\/01\/1240_950.png","contentUrl":"http:\/\/artiwise.cloud\/tr\/wp-content\/uploads\/sites\/2\/2024\/01\/1240_950.png"},{"@type":"BreadcrumbList","@id":"https:\/\/artiwise.com\/tr\/konu-agaci\/#breadcrumb","itemListElement":[{"@type":"ListItem","position":1,"name":"Home","item":"https:\/\/artiwise.com\/tr\/"},{"@type":"ListItem","position":2,"name":"Konu A\u011fac\u0131"}]},{"@type":"WebSite","@id":"https:\/\/artiwise.com\/tr\/#website","url":"https:\/\/artiwise.com\/tr\/","name":"Artiwise","description":"Yapay Zeka M\u00fc\u015fteri Deneyimi Y\u00f6netimi Platformu","publisher":{"@id":"https:\/\/artiwise.com\/tr\/#organization"},"potentialAction":[{"@type":"SearchAction","target":{"@type":"EntryPoint","urlTemplate":"https:\/\/artiwise.com\/tr\/?s={search_term_string}"},"query-input":{"@type":"PropertyValueSpecification","valueRequired":true,"valueName":"search_term_string"}}],"inLanguage":"tr"},{"@type":"Organization","@id":"https:\/\/artiwise.com\/tr\/#organization","name":"Artiwise","url":"https:\/\/artiwise.com\/tr\/","logo":{"@type":"ImageObject","inLanguage":"tr","@id":"https:\/\/artiwise.com\/tr\/#\/schema\/logo\/image\/","url":"https:\/\/artiwise.com\/tr\/wp-content\/uploads\/sites\/2\/2024\/02\/Artiwiselogo-tfume@1x.svg","contentUrl":"https:\/\/artiwise.com\/tr\/wp-content\/uploads\/sites\/2\/2024\/02\/Artiwiselogo-tfume@1x.svg","width":207,"height":37,"caption":"Artiwise"},"image":{"@id":"https:\/\/artiwise.com\/tr\/#\/schema\/logo\/image\/"}}]}},"_links":{"self":[{"href":"https:\/\/artiwise.com\/tr\/wp-json\/wp\/v2\/pages\/1410","targetHints":{"allow":["GET"]}}],"collection":[{"href":"https:\/\/artiwise.com\/tr\/wp-json\/wp\/v2\/pages"}],"about":[{"href":"https:\/\/artiwise.com\/tr\/wp-json\/wp\/v2\/types\/page"}],"author":[{"embeddable":true,"href":"https:\/\/artiwise.com\/tr\/wp-json\/wp\/v2\/users\/1"}],"replies":[{"embeddable":true,"href":"https:\/\/artiwise.com\/tr\/wp-json\/wp\/v2\/comments?post=1410"}],"version-history":[{"count":4,"href":"https:\/\/artiwise.com\/tr\/wp-json\/wp\/v2\/pages\/1410\/revisions"}],"predecessor-version":[{"id":1807,"href":"https:\/\/artiwise.com\/tr\/wp-json\/wp\/v2\/pages\/1410\/revisions\/1807"}],"wp:attachment":[{"href":"https:\/\/artiwise.com\/tr\/wp-json\/wp\/v2\/media?parent=1410"}],"wp:term":[{"taxonomy":"category","embeddable":true,"href":"https:\/\/artiwise.com\/tr\/wp-json\/wp\/v2\/categories?post=1410"},{"taxonomy":"post_tag","embeddable":true,"href":"https:\/\/artiwise.com\/tr\/wp-json\/wp\/v2\/tags?post=1410"}],"curies":[{"name":"wp","href":"https:\/\/api.w.org\/{rel}","templated":true}]}}