{"id":1516,"date":"2024-01-12T14:46:40","date_gmt":"2024-01-12T14:46:40","guid":{"rendered":"http:\/\/artiwise"},"modified":"2025-10-30T06:19:07","modified_gmt":"2025-10-30T06:19:07","slug":"cevrimici-ziyaretci-aydinlatma-metni","status":"publish","type":"page","link":"https:\/\/artiwise.com\/tr\/cevrimici-ziyaretci-aydinlatma-metni\/","title":{"rendered":"\u00c7evrimi\u00e7i Ziyaret\u00e7i Ayd\u0131nlatma Metni"},"content":{"rendered":"\t\t<div data-elementor-type=\"wp-page\" data-elementor-id=\"1516\" class=\"elementor elementor-1516\" data-elementor-post-type=\"page\">\n\t\t\t\t<div class=\"elementor-element elementor-element-639e95f4 e-con-full e-flex e-con e-parent\" data-id=\"639e95f4\" data-element_type=\"container\" data-e-type=\"container\">\n\t\t\t\t<div class=\"elementor-element elementor-element-0356f2b elementor-widget elementor-widget-spacer\" data-id=\"0356f2b\" data-element_type=\"widget\" data-e-type=\"widget\" data-widget_type=\"spacer.default\">\n\t\t\t\t<div class=\"elementor-widget-container\">\n\t\t\t\t\t\t\t<div class=\"elementor-spacer\">\n\t\t\t<div class=\"elementor-spacer-inner\"><\/div>\n\t\t<\/div>\n\t\t\t\t\t\t<\/div>\n\t\t\t\t<\/div>\n\t\t\t\t<div class=\"elementor-element elementor-element-33efffc elementor-widget elementor-widget-text-editor\" data-id=\"33efffc\" data-element_type=\"widget\" data-e-type=\"widget\" data-widget_type=\"text-editor.default\">\n\t\t\t\t<div class=\"elementor-widget-container\">\n\t\t\t\t\t\t\t\t\t\r\n<p><strong>Veri Sorumlusu: <\/strong>Artiwise Yaz\u0131l\u0131m Teknolojileri ve Dan\u0131\u015fmanl\u0131k Limited \u015eirketi<\/p>\r\n\r\n\r\n\r\n<p><strong>Adres:<\/strong> Re\u015fitpa\u015fa Mah. Katar Cad. Teknokent Ar\u0131 3 Sitesi No:4\/B106, Sar\u0131yer\/Istanbul<\/p>\r\n\r\n\r\n\r\n<p>Bu Ayd\u0131nlatma Metni veri sorumlusu s\u0131fat\u0131yla Artiwise taraf\u0131ndan siz de\u011ferli \u00e7evrimi\u00e7i ziyaret\u00e7ilerimizi 6698 say\u0131l\u0131 Ki\u015fisel Verilerin Korunmas\u0131 Kanunu (bundan sonra <strong>\u201cKVKK\u201d<\/strong> olarak an\u0131lacakt\u0131r) ve ilgili yasal d\u00fczenlemeler uyar\u0131nca i\u015fledi\u011fimiz ki\u015fisel verilerinizle ilgili bilgilendirmek \u00fczere haz\u0131rlanm\u0131\u015ft\u0131r.<\/p>\r\n\r\n\r\n\r\n<ol class=\"wp-block-list\" type=\"1\">\r\n<li><strong>\u0130\u015flenen Ki\u015fisel Verileriniz ve \u0130\u015flemenin Kapsam\u0131 <\/strong><\/li>\r\n<\/ol>\r\n\r\n\r\n\r\n<p><strong>Ki\u015fisel veri<\/strong> sizlerin kimli\u011fini belirleyen veya belirlenebilir k\u0131lan herhangi bir veridir. \u00d6rne\u011fin, ad\u0131n\u0131z soyad\u0131n\u0131z, telefon numaran\u0131z veya banka hesap bilgileriniz birer ki\u015fisel veridir. <strong>Ki\u015fisel verileriniz i\u015flenmesi<\/strong> ise verileriniz \u00fczerinde ger\u00e7ekle\u015ftirilen elde etme, de\u011fi\u015ftirme, kaydetme, muhafaza etme, silme, a\u00e7\u0131klama, aktarma gibi her t\u00fcrl\u00fc i\u015flemi ifade eder. \u0130\u015fledi\u011fimiz ki\u015fisel verilere ili\u015fkin bilgilere a\u015fa\u011f\u0131da yer verdik:<\/p>\r\n\r\n\r\n\r\n<p>&nbsp;<\/p>\r\n\r\n\r\n\r\n<ul class=\"wp-block-list\">\r\n<li><strong>Kimlik Verileriniz<\/strong><\/li>\r\n<\/ul>\r\n\r\n\r\n\r\n<figure class=\"wp-block-table is-style-stripes\">\r\n<table>\r\n<tbody>\r\n<tr>\r\n<td><strong>\u0130\u015flenen Ki\u015fisel Verileriniz<\/strong><\/td>\r\n<td><strong>Verilerinizin \u0130\u015flenme Ama\u00e7lar\u0131<\/strong><\/td>\r\n<td><strong>Veri \u0130\u015fleme Faaliyetlerimizin Hukuki Sebebi<\/strong><\/td>\r\n<\/tr>\r\n<tr>\r\n<td>Ad, soyad<\/td>\r\n<td>Mal\/Hizmet Sat\u0131\u015f s\u00fcre\u00e7lerinin y\u00fcr\u00fct\u00fclmesi Demo taleplerinin al\u0131nmas\u0131<\/td>\r\n<td>S\u00f6zle\u015fmenin kurulmas\u0131 ve ifas\u0131 i\u00e7in gerekli olmas\u0131<\/td>\r\n<\/tr>\r\n<\/tbody>\r\n<\/table>\r\n<\/figure>\r\n\r\n\r\n\r\n<p>&nbsp;<\/p>\r\n\r\n\r\n\r\n<ul class=\"wp-block-list\">\r\n<li><strong>\u0130leti\u015fim Verileriniz<\/strong><\/li>\r\n<\/ul>\r\n\r\n\r\n\r\n<figure class=\"wp-block-table is-style-stripes\">\r\n<table>\r\n<tbody>\r\n<tr>\r\n<td><strong>\u0130\u015flenen Ki\u015fisel Verileriniz<\/strong><\/td>\r\n<td><strong>Verilerinizin \u0130\u015flenme Ama\u00e7lar\u0131<\/strong><\/td>\r\n<td><strong>Veri \u0130\u015fleme Faaliyetlerimizin Hukuki Sebebi<\/strong><\/td>\r\n<\/tr>\r\n<tr>\r\n<td>E-posta adresi Telefon\u00a0<\/td>\r\n<td>Mal\/Hizmet Sat\u0131\u015f s\u00fcre\u00e7lerinin y\u00fcr\u00fct\u00fclmesi Demo taleplerinin al\u0131nmas\u0131<\/td>\r\n<td>S\u00f6zle\u015fmenin kurulmas\u0131 ve ifas\u0131 i\u00e7in gerekli olmas\u0131<\/td>\r\n<\/tr>\r\n<\/tbody>\r\n<\/table>\r\n<\/figure>\r\n\r\n\r\n\r\n<p>&nbsp;<\/p>\r\n\r\n\r\n\r\n<ul class=\"wp-block-list\">\r\n<li><strong>\u00d6zl\u00fck Verileriniz<\/strong><\/li>\r\n<\/ul>\r\n\r\n\r\n\r\n<figure class=\"wp-block-table is-style-stripes\">\r\n<table>\r\n<tbody>\r\n<tr>\r\n<td><strong>\u0130\u015flenen Ki\u015fisel Verileriniz<\/strong><\/td>\r\n<td><strong>Verilerinizin \u0130\u015flenme Ama\u00e7lar\u0131<\/strong><\/td>\r\n<td><strong>Veri \u0130\u015fleme Faaliyetlerimizin Hukuki Sebebi<\/strong><\/td>\r\n<\/tr>\r\n<tr>\r\n<td>Pozisyon<\/td>\r\n<td>Mal\/Hizmet Sat\u0131\u015f s\u00fcre\u00e7lerinin y\u00fcr\u00fct\u00fclmesi Demo taleplerinin al\u0131nmas\u0131<\/td>\r\n<td>S\u00f6zle\u015fmenin kurulmas\u0131 ve ifas\u0131 i\u00e7in gerekli olmas\u0131<\/td>\r\n<\/tr>\r\n<\/tbody>\r\n<\/table>\r\n<\/figure>\r\n\r\n\r\n\r\n<p>&nbsp;<\/p>\r\n\r\n\r\n\r\n<ul class=\"wp-block-list\">\r\n<li><strong>\u00a0\u0130\u015flem G\u00fcvenli\u011fi Verileriniz<\/strong><\/li>\r\n<\/ul>\r\n\r\n\r\n\r\n<figure class=\"wp-block-table is-style-stripes\">\r\n<table>\r\n<tbody>\r\n<tr>\r\n<td><strong>\u0130\u015flenen Ki\u015fisel Verileriniz<\/strong><\/td>\r\n<td><strong>Verilerinizin \u0130\u015flenme Ama\u00e7lar\u0131<\/strong><\/td>\r\n<td><strong>Veri \u0130\u015fleme Faaliyetlerimizin Hukuki Sebebi<\/strong><\/td>\r\n<\/tr>\r\n<tr>\r\n<td>\u0130nternet sitesi giri\u015f-\u00e7\u0131k\u0131\u015f bilgileriIP adresleri<\/td>\r\n<td>Bilgi G\u00fcvenli\u011fi S\u00fcre\u00e7lerinin Y\u00fcr\u00fct\u00fclmesi,Veri Sorumlusu Operasyonlar\u0131n\u0131n G\u00fcvenli\u011finin Temini\u00a0\u0130\u015f Faaliyetlerinin Y\u00fcr\u00fct\u00fclmesi \/ Denetimi<\/td>\r\n<td>Hukuki y\u00fck\u00fcml\u00fcl\u00fc\u011f\u00fcn yerine getirilmesi\u00a0Veri sorumlusunun me\u015fru menfaati<\/td>\r\n<\/tr>\r\n<\/tbody>\r\n<\/table>\r\n<\/figure>\r\n\r\n\r\n\r\n<p>&nbsp;<\/p>\r\n\r\n\r\n\r\n<ul class=\"wp-block-list\">\r\n<li><strong>Pazarlama Verileriniz<\/strong><\/li>\r\n<\/ul>\r\n\r\n\r\n\r\n<figure class=\"wp-block-table is-style-stripes\">\r\n<table>\r\n<tbody>\r\n<tr>\r\n<td><strong>\u0130\u015flenen Ki\u015fisel Verileriniz<\/strong><\/td>\r\n<td><strong>Verilerinizin \u0130\u015flenme Ama\u00e7lar\u0131<\/strong><\/td>\r\n<td><strong>Veri \u0130\u015fleme Faaliyetlerimizin Hukuki Sebebi<\/strong><\/td>\r\n<\/tr>\r\n<tr>\r\n<td>Web sitesi \u00e7erezleri<\/td>\r\n<td>Bilgi G\u00fcvenli\u011fi S\u00fcre\u00e7lerinin Y\u00fcr\u00fct\u00fclmesi\u00a0Veri Sorumlusu Operasyonlar\u0131n\u0131n G\u00fcvenli\u011finin Temini\u0130\u015f Faaliyetlerinin Y\u00fcr\u00fct\u00fclmesi \/ DenetimiPazarlama Analiz \u00c7al\u0131\u015fmalar\u0131n\u0131n Y\u00fcr\u00fct\u00fclmesi<\/td>\r\n<td>Hukuki y\u00fck\u00fcml\u00fcl\u00fc\u011f\u00fcn yerine getirilmesiVeri sorumlusunun me\u015fru menfaati<\/td>\r\n<\/tr>\r\n<\/tbody>\r\n<\/table>\r\n<\/figure>\r\n\r\n\r\n\r\n<p>&nbsp;<\/p>\r\n\r\n\r\n\r\n<ol class=\"wp-block-list\" type=\"1\">\r\n<li><strong>Ki\u015fisel Verilerinizi Aktard\u0131\u011f\u0131m\u0131z Al\u0131c\u0131 Gruplar\u0131 ve Aktar\u0131m Ama\u00e7lar\u0131<\/strong>\u00a0<\/li>\r\n<\/ol>\r\n\r\n\r\n\r\n<p>Ki\u015fisel verileriniz,\u00a0aktar\u0131lmamaktad\u0131r.\u00a0<\/p>\r\n\r\n\r\n\r\n<ul class=\"wp-block-list\">\r\n<li><strong>Ki\u015fisel Verilerinizi Saklama S\u00fcremiz<\/strong><\/li>\r\n<\/ul>\r\n\r\n\r\n\r\n<p>Ki\u015fisel verileriniz ilgili mevzuatta bir s\u00fcre \u00f6ng\u00f6r\u00fclen veya i\u015fleme ama\u00e7lar\u0131n\u0131n gerektirdi\u011fi s\u00fcreler boyunca saklan\u0131r. Verileriniz, veri i\u015flemeyi gerektirecek hukuki sebeplerin ortadan kalkmas\u0131 halinde, resen veya sizin talebiniz ile silinir, yok edilir veya anonim hale getirilir.<\/p>\r\n\r\n\r\n\r\n<ul class=\"wp-block-list\">\r\n<li><strong>Ki\u015fisel Verilerinize \u0130li\u015fkin Haklar\u0131n\u0131z<\/strong><\/li>\r\n<\/ul>\r\n\r\n\r\n\r\n<p><strong>\u0130lgili ki\u015fi,<\/strong> ki\u015fisel verisi i\u015flenen ger\u00e7ek ki\u015fileri ifade etmektedir. \u0130lgili ki\u015fi s\u0131fat\u0131yla siz de\u011ferli \u00c7evrimi\u00e7i Ziyaret\u00e7ilerimiz KVKK uyar\u0131nca i\u015flenen ki\u015fisel verilerinizle ilgili \u015fu haklara sahipsiniz:<\/p>\r\n\r\n\r\n\r\n<ul class=\"wp-block-list\">\r\n<li>Ki\u015fisel verinizin i\u015flenip i\u015flenmedi\u011fini \u00f6\u011frenme,<\/li>\r\n<li>Ki\u015fisel verileriniz i\u015flenmi\u015fse buna ili\u015fkin bilgi talep etme,<\/li>\r\n<li>Ki\u015fisel verileriniz i\u015flenme amac\u0131n\u0131 ve bunlar\u0131n amac\u0131na uygun kullan\u0131l\u0131p kullan\u0131lmad\u0131\u011f\u0131n\u0131 \u00f6\u011frenme,<\/li>\r\n<li>Yurt i\u00e7inde veya yurt d\u0131\u015f\u0131nda ki\u015fisel verilerin aktar\u0131ld\u0131\u011f\u0131 \u00fc\u00e7\u00fcnc\u00fc ki\u015fileri bilme,<\/li>\r\n<li>Ki\u015fisel verilerin eksik veya yanl\u0131\u015f i\u015flenmi\u015f olmas\u0131 h\u00e2linde bunlar\u0131n d\u00fczeltilmesini isteme,<\/li>\r\n<li>KVKK\u2019da \u00f6ng\u00f6r\u00fclen \u015fartlar \u00e7er\u00e7evesinde ki\u015fisel verilerin silinmesini veya yok edilmesini isteme,<\/li>\r\n<li>Talebiniz \u00fczerine ger\u00e7ekle\u015ftirilen eksik veya yanl\u0131\u015f verilerin d\u00fczeltilmesi ile ki\u015fisel verilerin silinmesi veya yok edilmesi i\u015flemlerinin ki\u015fisel verilerin aktar\u0131ld\u0131\u011f\u0131 \u00fc\u00e7\u00fcnc\u00fc ki\u015filere bildirilmesini isteme,<\/li>\r\n<li>\u0130\u015flenen verilerin m\u00fcnhas\u0131ran otomatik sistemler vas\u0131tas\u0131yla analiz edilmesi suretiyle ki\u015finin kendisi aleyhine bir sonucun ortaya \u00e7\u0131kmas\u0131na itiraz etme,<\/li>\r\n<li>Ki\u015fisel verilerin kanuna ayk\u0131r\u0131 olarak i\u015flenmesi sebebiyle zarara u\u011framas\u0131 h\u00e2linde zarar\u0131n giderilmesini talep etme.<\/li>\r\n<\/ul>\r\n\r\n\r\n\r\n<ul class=\"wp-block-list\">\r\n<li><strong>Haklar\u0131n\u0131z\u0131 Kullanman\u0131z i\u00e7in \u0130zlemeniz Gereken Y\u00f6ntemler<\/strong><\/li>\r\n<\/ul>\r\n\r\n\r\n\r\n<p>Ki\u015fisel verileriniz ile ilgili ba\u015fvuru ve taleplerinizi \u0130lgili Ki\u015fi Ba\u015fvuru Formu vas\u0131tas\u0131yla,<\/p>\r\n\r\n\r\n\r\n<ul class=\"wp-block-list\">\r\n<li>Islak imzan\u0131z ve kimlik fotokopiniz ile birlikte <em>Re\u015fitpa\u015fa Mah. Katar Cad. Teknokent Ar\u0131 3 Sitesi No:4\/B106, Sar\u0131yer\/Istanbul <\/em>adresine g\u00f6ndererek,<\/li>\r\n<\/ul>\r\n\r\n\r\n\r\n<ul class=\"wp-block-list\">\r\n<li>G\u00fcvenli elektronik imza veya mobil imza ile imzalayarak info@artiwise.com e-posta adresine g\u00f6ndererek,<\/li>\r\n<li>G\u00fcvenli elektronik imza veya mobil imza ile imzalayarak, kay\u0131tl\u0131 elektronik posta (KEP) vas\u0131tas\u0131yla <em>\u015eirket KEP Adresi<\/em> adresine g\u00f6ndererek,<\/li>\r\n<li>Ge\u00e7erli bir kimlik belgesi <em>Re\u015fitpa\u015fa Mah. Katar Cad. Teknokent Ar\u0131 3 Sitesi No:4\/B106, Sar\u0131yer\/Istanbul<\/em>\u2019a bizzat ba\u015fvurarak<\/li>\r\n<\/ul>\r\n\r\n\r\n\r\n<p><em>Artiwise Yaz\u0131l\u0131m Teknolojileri ve Dan\u0131\u015fmanl\u0131k Limited \u015eirketi\u2019ne <\/em>iletebilirsiniz.<\/p>\r\n\r\n\r\n\r\n<p>Veri sorumlusuna ba\u015fvuru usul ve esaslar\u0131na ili\u015fkin yasal zorunluluklar kapsam\u0131nda ilgili ki\u015fi olarak sizler, ba\u015fvurunuzda isminize, soy isminize, ba\u015fvurunuz yaz\u0131l\u0131 ise imzan\u0131za, T\u00fcrkiye Cumhuriyeti vatanda\u015f\u0131 iseniz T.C. Kimlik numaran\u0131za, yabanc\u0131 iseniz uyru\u011funuza, pasaport (veya varsa kimlik) numaran\u0131za, tebligata esas yerle\u015fim yeriniz veya i\u015f adresinize, varsa bildirime esas almam\u0131z i\u00e7in e-posta adresiniz ve faks numaran\u0131za son olarak talep konusuna yer vermelisiniz. Ayr\u0131ca ba\u015fvurunuza kimli\u011fi do\u011frulay\u0131c\u0131 belgeler ile talep konunuza ili\u015fkin bilgi ve belgeleri ba\u015fvurunuza eklemelisiniz.<\/p>\r\n\r\n\r\n\r\n<p>S\u00fcreci sizler i\u00e7in en etkin \u015fekilde i\u015fletmemiz ad\u0131na talep konunuzda hangi hakk\u0131n\u0131z\u0131 kullanmak istedi\u011finizi, talep etti\u011finiz i\u015fleme ili\u015fkin detaylar\u0131 a\u00e7\u0131k ve anla\u015f\u0131l\u0131r \u015fekilde belirtmelisiniz.<\/p>\r\n\r\n\r\n\r\n<p>\u00d6nemle belirtmek isteriz ki talep konusu, ilgili ki\u015finin kendisiyle ilgili olmal\u0131d\u0131r. Ba\u015fkas\u0131 ad\u0131na ba\u015fvuru yap\u0131l\u0131yor ise, talebi yapan ki\u015finin talep edilen i\u015fleme y\u00f6nelik \u00f6zel olarak belgelendirilmi\u015f bir yetkiye dayanmas\u0131 (vekaletname) gerekmektedir. Yetkisiz yap\u0131lan ba\u015fvurular ise de\u011ferlendirilmeye al\u0131nmayacakt\u0131r.<\/p>\r\n\r\n\r\n\r\n<ul class=\"wp-block-list\">\r\n<li><strong>Ba\u015fvurunuzun De\u011ferlendirilmesi<\/strong><\/li>\r\n<\/ul>\r\n\r\n\r\n\r\n<p>Ba\u015fvurular\u0131n\u0131z\u0131 de\u011ferlendirerek sizlere en k\u0131sa s\u00fcrede ve en ge\u00e7 ba\u015fvurunuzun taraf\u0131m\u0131za ula\u015ft\u0131\u011f\u0131 tarihten itibaren 30 g\u00fcn i\u00e7erisinde d\u00f6n\u00fc\u015f yapmaktay\u0131z.<\/p>\r\n\t\t\t\t\t\t\t\t<\/div>\n\t\t\t\t<\/div>\n\t\t\t\t<div class=\"elementor-element elementor-element-467ea66 elementor-widget elementor-widget-spacer\" data-id=\"467ea66\" data-element_type=\"widget\" data-e-type=\"widget\" data-widget_type=\"spacer.default\">\n\t\t\t\t<div class=\"elementor-widget-container\">\n\t\t\t\t\t\t\t<div class=\"elementor-spacer\">\n\t\t\t<div class=\"elementor-spacer-inner\"><\/div>\n\t\t<\/div>\n\t\t\t\t\t\t<\/div>\n\t\t\t\t<\/div>\n\t\t\t\t<\/div>\n\t\t\t\t<\/div>\n\t\t","protected":false},"excerpt":{"rendered":"<p>Veri Sorumlusu: Artiwise Yaz\u0131l\u0131m Teknolojileri ve Dan\u0131\u015fmanl\u0131k Limited \u015eirketi Adres: Re\u015fitpa\u015fa Mah. Katar Cad. Teknokent Ar\u0131 3 Sitesi No:4\/B106, Sar\u0131yer\/Istanbul Bu Ayd\u0131nlatma Metni veri sorumlusu s\u0131fat\u0131yla Artiwise taraf\u0131ndan siz de\u011ferli \u00e7evrimi\u00e7i ziyaret\u00e7ilerimizi 6698 say\u0131l\u0131 Ki\u015fisel Verilerin Korunmas\u0131 Kanunu (bundan sonra \u201cKVKK\u201d olarak an\u0131lacakt\u0131r) ve ilgili yasal d\u00fczenlemeler uyar\u0131nca i\u015fledi\u011fimiz ki\u015fisel verilerinizle ilgili bilgilendirmek \u00fczere haz\u0131rlanm\u0131\u015ft\u0131r. [&hellip;]<\/p>\n","protected":false},"author":1,"featured_media":0,"parent":0,"menu_order":0,"comment_status":"closed","ping_status":"closed","template":"elementor_canvas","meta":{"footnotes":""},"categories":[],"tags":[],"class_list":["post-1516","page","type-page","status-publish","hentry"],"yoast_head":"<!-- This site is optimized with the Yoast SEO plugin v27.1.1 - https:\/\/yoast.com\/product\/yoast-seo-wordpress\/ -->\n<title>\u00c7evrimi\u00e7i Ziyaret\u00e7i Ayd\u0131nlatma Metni - Artiwise<\/title>\n<meta name=\"description\" content=\"Web sitemizi ziyaret eden kullan\u0131c\u0131lar\u0131n ki\u015fisel verilerinin i\u015flenmesine ili\u015fkin esaslar, bu ayd\u0131nlatma metninde a\u00e7\u0131klanm\u0131\u015ft\u0131r.\" \/>\n<meta name=\"robots\" content=\"index, follow, max-snippet:-1, max-image-preview:large, max-video-preview:-1\" \/>\n<link rel=\"canonical\" href=\"https:\/\/artiwise.com\/tr\/cevrimici-ziyaretci-aydinlatma-metni\/\" \/>\n<meta property=\"og:locale\" content=\"tr_TR\" \/>\n<meta property=\"og:type\" content=\"article\" \/>\n<meta property=\"og:title\" content=\"\u00c7evrimi\u00e7i Ziyaret\u00e7i Ayd\u0131nlatma Metni - Artiwise\" \/>\n<meta property=\"og:description\" content=\"Web sitemizi ziyaret eden kullan\u0131c\u0131lar\u0131n ki\u015fisel verilerinin i\u015flenmesine ili\u015fkin esaslar, bu ayd\u0131nlatma metninde a\u00e7\u0131klanm\u0131\u015ft\u0131r.\" \/>\n<meta property=\"og:url\" content=\"https:\/\/artiwise.com\/tr\/cevrimici-ziyaretci-aydinlatma-metni\/\" \/>\n<meta property=\"og:site_name\" content=\"Artiwise\" \/>\n<meta property=\"article:modified_time\" content=\"2025-10-30T06:19:07+00:00\" \/>\n<meta name=\"twitter:card\" content=\"summary_large_image\" \/>\n<meta name=\"twitter:label1\" content=\"Tahmini okuma s\u00fcresi\" \/>\n\t<meta name=\"twitter:data1\" content=\"5 dakika\" \/>\n<script type=\"application\/ld+json\" class=\"yoast-schema-graph\">{\"@context\":\"https:\/\/schema.org\",\"@graph\":[{\"@type\":\"WebPage\",\"@id\":\"https:\/\/artiwise.com\/tr\/cevrimici-ziyaretci-aydinlatma-metni\/\",\"url\":\"https:\/\/artiwise.com\/tr\/cevrimici-ziyaretci-aydinlatma-metni\/\",\"name\":\"\u00c7evrimi\u00e7i Ziyaret\u00e7i Ayd\u0131nlatma Metni - Artiwise\",\"isPartOf\":{\"@id\":\"https:\/\/artiwise.com\/tr\/#website\"},\"datePublished\":\"2024-01-12T14:46:40+00:00\",\"dateModified\":\"2025-10-30T06:19:07+00:00\",\"description\":\"Web sitemizi ziyaret eden kullan\u0131c\u0131lar\u0131n ki\u015fisel verilerinin i\u015flenmesine ili\u015fkin esaslar, bu ayd\u0131nlatma metninde a\u00e7\u0131klanm\u0131\u015ft\u0131r.\",\"breadcrumb\":{\"@id\":\"https:\/\/artiwise.com\/tr\/cevrimici-ziyaretci-aydinlatma-metni\/#breadcrumb\"},\"inLanguage\":\"tr\",\"potentialAction\":[{\"@type\":\"ReadAction\",\"target\":[\"https:\/\/artiwise.com\/tr\/cevrimici-ziyaretci-aydinlatma-metni\/\"]}]},{\"@type\":\"BreadcrumbList\",\"@id\":\"https:\/\/artiwise.com\/tr\/cevrimici-ziyaretci-aydinlatma-metni\/#breadcrumb\",\"itemListElement\":[{\"@type\":\"ListItem\",\"position\":1,\"name\":\"Home\",\"item\":\"https:\/\/artiwise.com\/tr\/\"},{\"@type\":\"ListItem\",\"position\":2,\"name\":\"\u00c7evrimi\u00e7i Ziyaret\u00e7i Ayd\u0131nlatma Metni\"}]},{\"@type\":\"WebSite\",\"@id\":\"https:\/\/artiwise.com\/tr\/#website\",\"url\":\"https:\/\/artiwise.com\/tr\/\",\"name\":\"Artiwise\",\"description\":\"Yapay Zeka M\u00fc\u015fteri Deneyimi Y\u00f6netimi Platformu\",\"publisher\":{\"@id\":\"https:\/\/artiwise.com\/tr\/#organization\"},\"potentialAction\":[{\"@type\":\"SearchAction\",\"target\":{\"@type\":\"EntryPoint\",\"urlTemplate\":\"https:\/\/artiwise.com\/tr\/?s={search_term_string}\"},\"query-input\":{\"@type\":\"PropertyValueSpecification\",\"valueRequired\":true,\"valueName\":\"search_term_string\"}}],\"inLanguage\":\"tr\"},{\"@type\":\"Organization\",\"@id\":\"https:\/\/artiwise.com\/tr\/#organization\",\"name\":\"Artiwise\",\"url\":\"https:\/\/artiwise.com\/tr\/\",\"logo\":{\"@type\":\"ImageObject\",\"inLanguage\":\"tr\",\"@id\":\"https:\/\/artiwise.com\/tr\/#\/schema\/logo\/image\/\",\"url\":\"https:\/\/artiwise.com\/tr\/wp-content\/uploads\/sites\/2\/2024\/02\/Artiwiselogo-tfume@1x.svg\",\"contentUrl\":\"https:\/\/artiwise.com\/tr\/wp-content\/uploads\/sites\/2\/2024\/02\/Artiwiselogo-tfume@1x.svg\",\"width\":207,\"height\":37,\"caption\":\"Artiwise\"},\"image\":{\"@id\":\"https:\/\/artiwise.com\/tr\/#\/schema\/logo\/image\/\"}}]}<\/script>\n<!-- \/ Yoast SEO plugin. -->","yoast_head_json":{"title":"\u00c7evrimi\u00e7i Ziyaret\u00e7i Ayd\u0131nlatma Metni - Artiwise","description":"Web sitemizi ziyaret eden kullan\u0131c\u0131lar\u0131n ki\u015fisel verilerinin i\u015flenmesine ili\u015fkin esaslar, bu ayd\u0131nlatma metninde a\u00e7\u0131klanm\u0131\u015ft\u0131r.","robots":{"index":"index","follow":"follow","max-snippet":"max-snippet:-1","max-image-preview":"max-image-preview:large","max-video-preview":"max-video-preview:-1"},"canonical":"https:\/\/artiwise.com\/tr\/cevrimici-ziyaretci-aydinlatma-metni\/","og_locale":"tr_TR","og_type":"article","og_title":"\u00c7evrimi\u00e7i Ziyaret\u00e7i Ayd\u0131nlatma Metni - Artiwise","og_description":"Web sitemizi ziyaret eden kullan\u0131c\u0131lar\u0131n ki\u015fisel verilerinin i\u015flenmesine ili\u015fkin esaslar, bu ayd\u0131nlatma metninde a\u00e7\u0131klanm\u0131\u015ft\u0131r.","og_url":"https:\/\/artiwise.com\/tr\/cevrimici-ziyaretci-aydinlatma-metni\/","og_site_name":"Artiwise","article_modified_time":"2025-10-30T06:19:07+00:00","twitter_card":"summary_large_image","twitter_misc":{"Tahmini okuma s\u00fcresi":"5 dakika"},"schema":{"@context":"https:\/\/schema.org","@graph":[{"@type":"WebPage","@id":"https:\/\/artiwise.com\/tr\/cevrimici-ziyaretci-aydinlatma-metni\/","url":"https:\/\/artiwise.com\/tr\/cevrimici-ziyaretci-aydinlatma-metni\/","name":"\u00c7evrimi\u00e7i Ziyaret\u00e7i Ayd\u0131nlatma Metni - Artiwise","isPartOf":{"@id":"https:\/\/artiwise.com\/tr\/#website"},"datePublished":"2024-01-12T14:46:40+00:00","dateModified":"2025-10-30T06:19:07+00:00","description":"Web sitemizi ziyaret eden kullan\u0131c\u0131lar\u0131n ki\u015fisel verilerinin i\u015flenmesine ili\u015fkin esaslar, bu ayd\u0131nlatma metninde a\u00e7\u0131klanm\u0131\u015ft\u0131r.","breadcrumb":{"@id":"https:\/\/artiwise.com\/tr\/cevrimici-ziyaretci-aydinlatma-metni\/#breadcrumb"},"inLanguage":"tr","potentialAction":[{"@type":"ReadAction","target":["https:\/\/artiwise.com\/tr\/cevrimici-ziyaretci-aydinlatma-metni\/"]}]},{"@type":"BreadcrumbList","@id":"https:\/\/artiwise.com\/tr\/cevrimici-ziyaretci-aydinlatma-metni\/#breadcrumb","itemListElement":[{"@type":"ListItem","position":1,"name":"Home","item":"https:\/\/artiwise.com\/tr\/"},{"@type":"ListItem","position":2,"name":"\u00c7evrimi\u00e7i Ziyaret\u00e7i Ayd\u0131nlatma Metni"}]},{"@type":"WebSite","@id":"https:\/\/artiwise.com\/tr\/#website","url":"https:\/\/artiwise.com\/tr\/","name":"Artiwise","description":"Yapay Zeka M\u00fc\u015fteri Deneyimi Y\u00f6netimi Platformu","publisher":{"@id":"https:\/\/artiwise.com\/tr\/#organization"},"potentialAction":[{"@type":"SearchAction","target":{"@type":"EntryPoint","urlTemplate":"https:\/\/artiwise.com\/tr\/?s={search_term_string}"},"query-input":{"@type":"PropertyValueSpecification","valueRequired":true,"valueName":"search_term_string"}}],"inLanguage":"tr"},{"@type":"Organization","@id":"https:\/\/artiwise.com\/tr\/#organization","name":"Artiwise","url":"https:\/\/artiwise.com\/tr\/","logo":{"@type":"ImageObject","inLanguage":"tr","@id":"https:\/\/artiwise.com\/tr\/#\/schema\/logo\/image\/","url":"https:\/\/artiwise.com\/tr\/wp-content\/uploads\/sites\/2\/2024\/02\/Artiwiselogo-tfume@1x.svg","contentUrl":"https:\/\/artiwise.com\/tr\/wp-content\/uploads\/sites\/2\/2024\/02\/Artiwiselogo-tfume@1x.svg","width":207,"height":37,"caption":"Artiwise"},"image":{"@id":"https:\/\/artiwise.com\/tr\/#\/schema\/logo\/image\/"}}]}},"_links":{"self":[{"href":"https:\/\/artiwise.com\/tr\/wp-json\/wp\/v2\/pages\/1516","targetHints":{"allow":["GET"]}}],"collection":[{"href":"https:\/\/artiwise.com\/tr\/wp-json\/wp\/v2\/pages"}],"about":[{"href":"https:\/\/artiwise.com\/tr\/wp-json\/wp\/v2\/types\/page"}],"author":[{"embeddable":true,"href":"https:\/\/artiwise.com\/tr\/wp-json\/wp\/v2\/users\/1"}],"replies":[{"embeddable":true,"href":"https:\/\/artiwise.com\/tr\/wp-json\/wp\/v2\/comments?post=1516"}],"version-history":[{"count":4,"href":"https:\/\/artiwise.com\/tr\/wp-json\/wp\/v2\/pages\/1516\/revisions"}],"predecessor-version":[{"id":6165,"href":"https:\/\/artiwise.com\/tr\/wp-json\/wp\/v2\/pages\/1516\/revisions\/6165"}],"wp:attachment":[{"href":"https:\/\/artiwise.com\/tr\/wp-json\/wp\/v2\/media?parent=1516"}],"wp:term":[{"taxonomy":"category","embeddable":true,"href":"https:\/\/artiwise.com\/tr\/wp-json\/wp\/v2\/categories?post=1516"},{"taxonomy":"post_tag","embeddable":true,"href":"https:\/\/artiwise.com\/tr\/wp-json\/wp\/v2\/tags?post=1516"}],"curies":[{"name":"wp","href":"https:\/\/api.w.org\/{rel}","templated":true}]}}