{"id":3277,"date":"2024-06-03T15:14:48","date_gmt":"2024-06-03T15:14:48","guid":{"rendered":"https:\/\/artiwise.com\/tr\/?page_id=3277"},"modified":"2024-06-10T11:40:14","modified_gmt":"2024-06-10T11:40:14","slug":"gizlilik-politikasi","status":"publish","type":"page","link":"https:\/\/artiwise.com\/tr\/gizlilik-politikasi\/","title":{"rendered":"Artiwise Gizlilik Politikas\u0131"},"content":{"rendered":"\t\t<div data-elementor-type=\"wp-page\" data-elementor-id=\"3277\" class=\"elementor elementor-3277\" data-elementor-post-type=\"page\">\n\t\t\t\t<div class=\"elementor-element elementor-element-c2a4121 e-flex e-con-boxed e-con e-parent\" data-id=\"c2a4121\" data-element_type=\"container\" data-e-type=\"container\">\n\t\t\t\t\t<div class=\"e-con-inner\">\n\t\t<div class=\"elementor-element elementor-element-bfb49a9 e-con-full e-flex e-con e-child\" data-id=\"bfb49a9\" data-element_type=\"container\" data-e-type=\"container\">\n\t\t\t\t<div class=\"elementor-element elementor-element-25cf96b elementor-widget elementor-widget-text-editor\" data-id=\"25cf96b\" data-element_type=\"widget\" data-e-type=\"widget\" data-widget_type=\"text-editor.default\">\n\t\t\t\t<div class=\"elementor-widget-container\">\n\t\t\t\t\t\t\t\t\t<h1><strong>Gizlilik Politikas\u0131<\/strong><\/h1>\t\t\t\t\t\t\t\t<\/div>\n\t\t\t\t<\/div>\n\t\t\t\t<div class=\"elementor-element elementor-element-2e89bf6 elementor-widget elementor-widget-text-editor\" data-id=\"2e89bf6\" data-element_type=\"widget\" data-e-type=\"widget\" data-widget_type=\"text-editor.default\">\n\t\t\t\t<div class=\"elementor-widget-container\">\n\t\t\t\t\t\t\t\t\t<p><strong>VER\u0130 G\u00dcVENL\u0130\u011e\u0130 VE G\u0130ZL\u0130L\u0130K YAKLA\u015eIMIMIZ HAKKINDA B\u0130LG\u0130LER<\/strong><\/p><p>ARTIWISE (bundan sonra \u201c\u015eirket\u201d olarak an\u0131lacakt\u0131r) olarak m\u00fc\u015fterilerimizle kurdu\u011fumuz ili\u015fkinin temel ta\u015f\u0131n\u0131 gizlilik ve g\u00fcvenlik olu\u015fturmaktad\u0131r. \u015eirket, gizlilik ve g\u00fcvenli\u011fe verdi\u011finiz \u00f6nemi derinden anlamakta ve y\u00fcksek derecede de\u011fer vermektedir.<\/p><p>\u00a0<\/p><p>\u015eirket\u2019in Gizlilik Bildirimi, \u015eirket taraf\u0131ndan i\u015flenen t\u00fcm verileri, yaz\u0131l\u0131m\u0131m\u0131z, uygulamalar\u0131m\u0131z, mobil uygulamalar\u0131m\u0131z, web sitelerimiz ve di\u011fer \u00e7evrimi\u00e7i veya \u00e7evrimd\u0131\u015f\u0131 kanallar arac\u0131l\u0131\u011f\u0131yla toplanan veya iletilen Ki\u015fisel Veriler dahil olmak \u00fczere kapsamaktad\u0131r.<\/p><p>\u00a0<\/p><p><strong>K\u0130\u015e\u0130SEL VER\u0130LER\u0130N KORUNMASI<\/strong><\/p><p>\u015eirket, Ki\u015fisel Verilerin Korunmas\u0131 Kanunu No. 6698 ve ki\u015fisel verilerin korunmas\u0131na ili\u015fkin di\u011fer mevzuatlar uyar\u0131nca veri sorumlusu ve veri i\u015fleyici olarak hareket etmektedir. Ki\u015fisel veriler, yaln\u0131zca \u015eirket y\u00f6netim ofisi hizmetleri kapsam\u0131ndaki yetkili \u015eirket personeli, gizlilik g\u00fcvenli\u011fi prosed\u00fcrleri, gizlilik g\u00fcvenli\u011fi yetkilendirme matrislerinde listelenen personel ve \u015eirket taraf\u0131ndan veri sahiplerini bilgilendirme zorunlulu\u011funu yerine getirerek yetkilendirilen ger\u00e7ek veya t\u00fczel ki\u015filer taraf\u0131ndan i\u015flenmektedir.<\/p><p>\u00a0<\/p><p><strong>ELEKTRON\u0130K \u0130LET\u0130\u015e\u0130MLER<\/strong><\/p><p>Bizimle elektronik ileti\u015fimler arac\u0131l\u0131\u011f\u0131yla ileti\u015fim kurarak, \u015eirket ve i\u015f ortaklar\u0131ndan sundu\u011fumuz hizmetler, yeni \u00fcr\u00fcn ve hizmetler hakk\u0131nda bilgi, yasal duyurular ve di\u011fer ilgi konular\u0131 hakk\u0131nda ileti\u015fim izinleriniz kapsam\u0131nda elektronik ileti\u015fimler almay\u0131 kabul edersiniz. Bir veya daha fazla ileti\u015fim kanal\u0131ndan g\u00f6nderilen ileti\u015fimleri almay\u0131 durdurmay\u0131 \u015eirket ile ileti\u015fime ge\u00e7erek talep edebilirsiniz.<\/p><p>\u00a0<\/p><p><strong>VER\u0130 LOGLARI, \u00c7EREZLER VE WEB \u0130\u015eARETLER\u0130<\/strong><\/p><p>\u00c7erezler, diz\u00fcst\u00fc bilgisayar\u0131n\u0131z, PC&#8217;niz ve mobil cihaz\u0131n\u0131zda \u00e7e\u015fitli verileri toplayan program par\u00e7alar\u0131d\u0131r. \u00c7erezler genellikle metin dosyalar\u0131d\u0131r.<\/p><p>Bu programlar arac\u0131l\u0131\u011f\u0131yla a\u015fa\u011f\u0131daki veriler toplanabilir:<\/p><p>[Ayr\u0131nt\u0131lar \u00c7erez Politikas\u0131 ba\u011flant\u0131s\u0131nda mevcuttur.]<\/p><p>Detaylar i\u00e7in l\u00fctfen \u00c7erez Politikas\u0131 ba\u011flant\u0131s\u0131na t\u0131klay\u0131n\u0131z.<\/p><p>\u00a0<\/p><p><strong>VER\u0130 KULLANIM AMA\u00c7LARI<\/strong><\/p><p>\u015eirketimizin web sitesini ziyaretiniz s\u0131ras\u0131nda sa\u011flad\u0131\u011f\u0131n\u0131z, otomatik olarak kaydedilen veya kaydedilmeyen ve bizimle ileti\u015fim formlar\u0131, e-postalar ve di\u011fer elektronik i\u015flemler arac\u0131l\u0131\u011f\u0131yla payla\u015ft\u0131\u011f\u0131n\u0131z ki\u015fisel veriler, \u00f6ncelikle taleplerinizi yerine getirmek ve ard\u0131ndan size daha iyi hizmet sunmak i\u00e7in kullan\u0131lacakt\u0131r. Genel olarak kullan\u0131m ama\u00e7lar\u0131 \u015funlard\u0131r:<\/p><ul><li>Sizinle ileti\u015fime ge\u00e7mek<\/li><li>Sizden gelen bir sorguya yan\u0131t vermek<\/li><li>\u0130leti\u015fim faaliyetlerini y\u00fcr\u00fctmek<\/li><li>Web sitemizi y\u00f6netmek<\/li><li>Hizmet kalitemizi art\u0131rmak<\/li><\/ul><p>Yukar\u0131daki ama\u00e7lar i\u00e7in toplanmas\u0131n\u0131 istemedi\u011finiz verileri payla\u015fmaktan ka\u00e7\u0131n\u0131n. Bu bilgileri sa\u011flamazsan\u0131z, sizinle ileti\u015fim kuramayabiliriz. Ayr\u0131ca, bu siteyi ziyaret ederek baz\u0131 verilerinizin \u00e7erezler arac\u0131l\u0131\u011f\u0131yla toplanabilece\u011fini unutmay\u0131n.<\/p><p>\u00a0<\/p><p><strong>VER\u0130 G\u00dcVENL\u0130\u011e\u0130<\/strong><\/p><p>\u015eirket, bilgilerinizin gizlili\u011fine de\u011fer verir. Verilerinize yetkisiz eri\u015fim ve kullan\u0131m\u0131n\u0131 \u00f6nlemek i\u00e7in sekt\u00f6r standartlar\u0131nda \u00f6nlemler almaktay\u0131z. Ancak, kullan\u0131c\u0131 olarak web sitelerimiz ve \u00e7evrimi\u00e7i sistemlerimiz arac\u0131l\u0131\u011f\u0131yla bilgi al\u0131\u015fveri\u015fi yaparken dikkatli olman\u0131z\u0131 \u00f6neririz. Dikkatli olmazsan\u0131z, \u015eirket bilgilerinizin, ki\u015fisel ve di\u011fer bilgilerinize yetkisiz eri\u015fime kar\u015f\u0131 g\u00fcvenli\u011fini garanti edemez.<\/p><p>Bu bilgiler \u015eirkete ula\u015ft\u0131ktan sonra, g\u00fcvenlik ve gizlilik standartlar\u0131m\u0131za uygun olarak korunmaktad\u0131r.<\/p><p>Verileriniz, yukar\u0131da belirtilen ama\u00e7lar do\u011frultusunda ve yaln\u0131zca i\u015f s\u00fcre\u00e7lerimiz veya yasal gereklilikler i\u00e7in gerekli oldu\u011fu s\u00fcre boyunca saklanmaktad\u0131r.<\/p><p>\u00a0<\/p><p><strong>VER\u0130 TRANSFERLER\u0130<\/strong><\/p><p>Hakk\u0131n\u0131zda toplad\u0131\u011f\u0131m\u0131z ki\u015fisel bilgileri, internet servis sa\u011flay\u0131c\u0131lar\u0131, bar\u0131nd\u0131rma \u015firketleri, e-posta sa\u011flay\u0131c\u0131lar\u0131 ve alan sa\u011flay\u0131c\u0131lar\u0131n\u0131n hizmetlerini kullanmam\u0131z nedeniyle ba\u015fka \u00fclkelere transfer edebiliriz. Bu \u00fclkelerdeki veri koruma mevzuat\u0131, T\u00fcrkiye\u2019de uygulanan mevzuattan farkl\u0131 olabilir.<\/p><p>Ki\u015fisel bilgileriniz, di\u011fer \u00fclkelere transfer s\u0131ras\u0131nda y\u00fcr\u00fcrl\u00fckteki mevzuata uygun olarak bu Gizlilik Politikas\u0131nda a\u00e7\u0131kland\u0131\u011f\u0131 \u015fekilde korunacakt\u0131r.<\/p><p>\u00a0<\/p><p><strong>\u00c7OCUKLARIN \u00c7EVR\u0130M\u0130\u00c7\u0130 FAAL\u0130YETLER\u0130N\u0130N KORUNMASI<\/strong><\/p><p>\u00c7ocuklar\u0131n\u0131n \u00e7evrimi\u00e7i faaliyetlerini izlemek ve denetlemek isteyen ebeveynleri desteklemekteyiz. Hi\u00e7bir ko\u015fulda bilerek \u00e7ocuklardan ki\u015fisel bilgi talep etmeyiz. Ki\u015fisel bilgi toplad\u0131\u011f\u0131m\u0131z ki\u015finin 13 ya\u015f\u0131n alt\u0131nda oldu\u011funu \u00f6\u011frenirsek, bu bilgiyi hemen ebeveynlerine bildirmeye \u00e7al\u0131\u015fabiliriz. Bu kural, Avrupa Birli\u011fi&#8217;nin Genel Veri Koruma Y\u00f6netmeli\u011fi (GDPR) uyar\u0131nca 16 ya\u015f alt\u0131 ki\u015filer i\u00e7in ge\u00e7erlidir.<\/p><p>\u00a0<\/p><p><strong>G\u0130ZL\u0130L\u0130K KURALLARINA UYGUN OLARAK YEN\u0130 S\u00dcRE\u00c7LER\u0130N TASARLANMASI<\/strong><\/p><p>Yeni sistemler geli\u015ftirirken, \u015eirket, gizlilik i\u00e7in en uygun teknolojik ve organizasyonel \u00f6nlemleri almakta ve ki\u015fisel verilerin amaca uygun olarak i\u015flenmesi i\u00e7in gerekli iyile\u015ftirmeleri yapmaktad\u0131r.<\/p><p>Web sitemizi ziyaret etti\u011finiz ve gizlilik ve g\u00fcvenlik bildirimimizi okudu\u011funuz i\u00e7in te\u015fekk\u00fcr ederiz.<\/p>\t\t\t\t\t\t\t\t<\/div>\n\t\t\t\t<\/div>\n\t\t\t\t<\/div>\n\t\t\t\t\t<\/div>\n\t\t\t\t<\/div>\n\t\t\t\t<\/div>\n\t\t","protected":false},"excerpt":{"rendered":"<p>Gizlilik Politikas\u0131 VER\u0130 G\u00dcVENL\u0130\u011e\u0130 VE G\u0130ZL\u0130L\u0130K YAKLA\u015eIMIMIZ HAKKINDA B\u0130LG\u0130LER ARTIWISE (bundan sonra \u201c\u015eirket\u201d olarak an\u0131lacakt\u0131r) olarak m\u00fc\u015fterilerimizle kurdu\u011fumuz ili\u015fkinin temel ta\u015f\u0131n\u0131 gizlilik ve g\u00fcvenlik olu\u015fturmaktad\u0131r. \u015eirket, gizlilik ve g\u00fcvenli\u011fe verdi\u011finiz \u00f6nemi derinden anlamakta ve y\u00fcksek derecede de\u011fer vermektedir. \u015eirket\u2019in Gizlilik Bildirimi, \u015eirket taraf\u0131ndan i\u015flenen t\u00fcm verileri, yaz\u0131l\u0131m\u0131m\u0131z, uygulamalar\u0131m\u0131z, mobil uygulamalar\u0131m\u0131z, web sitelerimiz ve di\u011fer \u00e7evrimi\u00e7i [&hellip;]<\/p>\n","protected":false},"author":1,"featured_media":0,"parent":0,"menu_order":0,"comment_status":"closed","ping_status":"closed","template":"","meta":{"footnotes":""},"categories":[],"tags":[],"class_list":["post-3277","page","type-page","status-publish","hentry"],"yoast_head":"<!-- This site is optimized with the Yoast SEO plugin v27.1.1 - https:\/\/yoast.com\/product\/yoast-seo-wordpress\/ -->\n<title>Artiwise Gizlilik Politikas\u0131 - Artiwise<\/title>\n<meta name=\"description\" content=\"Ki\u015fisel bilgilerin toplanmas\u0131, i\u015flenmesi ve saklanmas\u0131 hakk\u0131nda detaylar\u0131 \u00f6\u011frenmek i\u00e7in gizlilik politikam\u0131z\u0131 okuyun.\" \/>\n<meta name=\"robots\" content=\"index, follow, max-snippet:-1, max-image-preview:large, max-video-preview:-1\" \/>\n<link rel=\"canonical\" href=\"https:\/\/artiwise.com\/tr\/gizlilik-politikasi\/\" \/>\n<meta property=\"og:locale\" content=\"tr_TR\" \/>\n<meta property=\"og:type\" content=\"article\" \/>\n<meta property=\"og:title\" content=\"Artiwise Gizlilik Politikas\u0131 - Artiwise\" \/>\n<meta property=\"og:description\" content=\"Ki\u015fisel bilgilerin toplanmas\u0131, i\u015flenmesi ve saklanmas\u0131 hakk\u0131nda detaylar\u0131 \u00f6\u011frenmek i\u00e7in gizlilik politikam\u0131z\u0131 okuyun.\" \/>\n<meta property=\"og:url\" content=\"https:\/\/artiwise.com\/tr\/gizlilik-politikasi\/\" \/>\n<meta property=\"og:site_name\" content=\"Artiwise\" \/>\n<meta property=\"article:modified_time\" content=\"2024-06-10T11:40:14+00:00\" \/>\n<meta name=\"twitter:card\" content=\"summary_large_image\" \/>\n<meta name=\"twitter:label1\" content=\"Tahmini okuma s\u00fcresi\" \/>\n\t<meta name=\"twitter:data1\" content=\"4 dakika\" \/>\n<script type=\"application\/ld+json\" class=\"yoast-schema-graph\">{\"@context\":\"https:\/\/schema.org\",\"@graph\":[{\"@type\":\"WebPage\",\"@id\":\"https:\/\/artiwise.com\/tr\/gizlilik-politikasi\/\",\"url\":\"https:\/\/artiwise.com\/tr\/gizlilik-politikasi\/\",\"name\":\"Artiwise Gizlilik Politikas\u0131 - Artiwise\",\"isPartOf\":{\"@id\":\"https:\/\/artiwise.com\/tr\/#website\"},\"datePublished\":\"2024-06-03T15:14:48+00:00\",\"dateModified\":\"2024-06-10T11:40:14+00:00\",\"description\":\"Ki\u015fisel bilgilerin toplanmas\u0131, i\u015flenmesi ve saklanmas\u0131 hakk\u0131nda detaylar\u0131 \u00f6\u011frenmek i\u00e7in gizlilik politikam\u0131z\u0131 okuyun.\",\"breadcrumb\":{\"@id\":\"https:\/\/artiwise.com\/tr\/gizlilik-politikasi\/#breadcrumb\"},\"inLanguage\":\"tr\",\"potentialAction\":[{\"@type\":\"ReadAction\",\"target\":[\"https:\/\/artiwise.com\/tr\/gizlilik-politikasi\/\"]}]},{\"@type\":\"BreadcrumbList\",\"@id\":\"https:\/\/artiwise.com\/tr\/gizlilik-politikasi\/#breadcrumb\",\"itemListElement\":[{\"@type\":\"ListItem\",\"position\":1,\"name\":\"Home\",\"item\":\"https:\/\/artiwise.com\/tr\/\"},{\"@type\":\"ListItem\",\"position\":2,\"name\":\"Artiwise Gizlilik Politikas\u0131\"}]},{\"@type\":\"WebSite\",\"@id\":\"https:\/\/artiwise.com\/tr\/#website\",\"url\":\"https:\/\/artiwise.com\/tr\/\",\"name\":\"Artiwise\",\"description\":\"Yapay Zeka M\u00fc\u015fteri Deneyimi Y\u00f6netimi Platformu\",\"publisher\":{\"@id\":\"https:\/\/artiwise.com\/tr\/#organization\"},\"potentialAction\":[{\"@type\":\"SearchAction\",\"target\":{\"@type\":\"EntryPoint\",\"urlTemplate\":\"https:\/\/artiwise.com\/tr\/?s={search_term_string}\"},\"query-input\":{\"@type\":\"PropertyValueSpecification\",\"valueRequired\":true,\"valueName\":\"search_term_string\"}}],\"inLanguage\":\"tr\"},{\"@type\":\"Organization\",\"@id\":\"https:\/\/artiwise.com\/tr\/#organization\",\"name\":\"Artiwise\",\"url\":\"https:\/\/artiwise.com\/tr\/\",\"logo\":{\"@type\":\"ImageObject\",\"inLanguage\":\"tr\",\"@id\":\"https:\/\/artiwise.com\/tr\/#\/schema\/logo\/image\/\",\"url\":\"https:\/\/artiwise.com\/tr\/wp-content\/uploads\/sites\/2\/2024\/02\/Artiwiselogo-tfume@1x.svg\",\"contentUrl\":\"https:\/\/artiwise.com\/tr\/wp-content\/uploads\/sites\/2\/2024\/02\/Artiwiselogo-tfume@1x.svg\",\"width\":207,\"height\":37,\"caption\":\"Artiwise\"},\"image\":{\"@id\":\"https:\/\/artiwise.com\/tr\/#\/schema\/logo\/image\/\"}}]}<\/script>\n<!-- \/ Yoast SEO plugin. -->","yoast_head_json":{"title":"Artiwise Gizlilik Politikas\u0131 - Artiwise","description":"Ki\u015fisel bilgilerin toplanmas\u0131, i\u015flenmesi ve saklanmas\u0131 hakk\u0131nda detaylar\u0131 \u00f6\u011frenmek i\u00e7in gizlilik politikam\u0131z\u0131 okuyun.","robots":{"index":"index","follow":"follow","max-snippet":"max-snippet:-1","max-image-preview":"max-image-preview:large","max-video-preview":"max-video-preview:-1"},"canonical":"https:\/\/artiwise.com\/tr\/gizlilik-politikasi\/","og_locale":"tr_TR","og_type":"article","og_title":"Artiwise Gizlilik Politikas\u0131 - Artiwise","og_description":"Ki\u015fisel bilgilerin toplanmas\u0131, i\u015flenmesi ve saklanmas\u0131 hakk\u0131nda detaylar\u0131 \u00f6\u011frenmek i\u00e7in gizlilik politikam\u0131z\u0131 okuyun.","og_url":"https:\/\/artiwise.com\/tr\/gizlilik-politikasi\/","og_site_name":"Artiwise","article_modified_time":"2024-06-10T11:40:14+00:00","twitter_card":"summary_large_image","twitter_misc":{"Tahmini okuma s\u00fcresi":"4 dakika"},"schema":{"@context":"https:\/\/schema.org","@graph":[{"@type":"WebPage","@id":"https:\/\/artiwise.com\/tr\/gizlilik-politikasi\/","url":"https:\/\/artiwise.com\/tr\/gizlilik-politikasi\/","name":"Artiwise Gizlilik Politikas\u0131 - Artiwise","isPartOf":{"@id":"https:\/\/artiwise.com\/tr\/#website"},"datePublished":"2024-06-03T15:14:48+00:00","dateModified":"2024-06-10T11:40:14+00:00","description":"Ki\u015fisel bilgilerin toplanmas\u0131, i\u015flenmesi ve saklanmas\u0131 hakk\u0131nda detaylar\u0131 \u00f6\u011frenmek i\u00e7in gizlilik politikam\u0131z\u0131 okuyun.","breadcrumb":{"@id":"https:\/\/artiwise.com\/tr\/gizlilik-politikasi\/#breadcrumb"},"inLanguage":"tr","potentialAction":[{"@type":"ReadAction","target":["https:\/\/artiwise.com\/tr\/gizlilik-politikasi\/"]}]},{"@type":"BreadcrumbList","@id":"https:\/\/artiwise.com\/tr\/gizlilik-politikasi\/#breadcrumb","itemListElement":[{"@type":"ListItem","position":1,"name":"Home","item":"https:\/\/artiwise.com\/tr\/"},{"@type":"ListItem","position":2,"name":"Artiwise Gizlilik Politikas\u0131"}]},{"@type":"WebSite","@id":"https:\/\/artiwise.com\/tr\/#website","url":"https:\/\/artiwise.com\/tr\/","name":"Artiwise","description":"Yapay Zeka M\u00fc\u015fteri Deneyimi Y\u00f6netimi Platformu","publisher":{"@id":"https:\/\/artiwise.com\/tr\/#organization"},"potentialAction":[{"@type":"SearchAction","target":{"@type":"EntryPoint","urlTemplate":"https:\/\/artiwise.com\/tr\/?s={search_term_string}"},"query-input":{"@type":"PropertyValueSpecification","valueRequired":true,"valueName":"search_term_string"}}],"inLanguage":"tr"},{"@type":"Organization","@id":"https:\/\/artiwise.com\/tr\/#organization","name":"Artiwise","url":"https:\/\/artiwise.com\/tr\/","logo":{"@type":"ImageObject","inLanguage":"tr","@id":"https:\/\/artiwise.com\/tr\/#\/schema\/logo\/image\/","url":"https:\/\/artiwise.com\/tr\/wp-content\/uploads\/sites\/2\/2024\/02\/Artiwiselogo-tfume@1x.svg","contentUrl":"https:\/\/artiwise.com\/tr\/wp-content\/uploads\/sites\/2\/2024\/02\/Artiwiselogo-tfume@1x.svg","width":207,"height":37,"caption":"Artiwise"},"image":{"@id":"https:\/\/artiwise.com\/tr\/#\/schema\/logo\/image\/"}}]}},"_links":{"self":[{"href":"https:\/\/artiwise.com\/tr\/wp-json\/wp\/v2\/pages\/3277","targetHints":{"allow":["GET"]}}],"collection":[{"href":"https:\/\/artiwise.com\/tr\/wp-json\/wp\/v2\/pages"}],"about":[{"href":"https:\/\/artiwise.com\/tr\/wp-json\/wp\/v2\/types\/page"}],"author":[{"embeddable":true,"href":"https:\/\/artiwise.com\/tr\/wp-json\/wp\/v2\/users\/1"}],"replies":[{"embeddable":true,"href":"https:\/\/artiwise.com\/tr\/wp-json\/wp\/v2\/comments?post=3277"}],"version-history":[{"count":5,"href":"https:\/\/artiwise.com\/tr\/wp-json\/wp\/v2\/pages\/3277\/revisions"}],"predecessor-version":[{"id":3297,"href":"https:\/\/artiwise.com\/tr\/wp-json\/wp\/v2\/pages\/3277\/revisions\/3297"}],"wp:attachment":[{"href":"https:\/\/artiwise.com\/tr\/wp-json\/wp\/v2\/media?parent=3277"}],"wp:term":[{"taxonomy":"category","embeddable":true,"href":"https:\/\/artiwise.com\/tr\/wp-json\/wp\/v2\/categories?post=3277"},{"taxonomy":"post_tag","embeddable":true,"href":"https:\/\/artiwise.com\/tr\/wp-json\/wp\/v2\/tags?post=3277"}],"curies":[{"name":"wp","href":"https:\/\/api.w.org\/{rel}","templated":true}]}}