{"id":3526,"date":"2024-08-08T13:09:05","date_gmt":"2024-08-08T13:09:05","guid":{"rendered":"https:\/\/artiwise.com\/tr\/?page_id=3526"},"modified":"2025-06-23T07:17:31","modified_gmt":"2025-06-23T07:17:31","slug":"artiwise-bilgi-guvenligi-politikasi","status":"publish","type":"page","link":"https:\/\/artiwise.com\/tr\/artiwise-bilgi-guvenligi-politikasi\/","title":{"rendered":"Artiwise Bilgi G\u00fcvenli\u011fi Politikas\u0131"},"content":{"rendered":"\t\t<div data-elementor-type=\"wp-page\" data-elementor-id=\"3526\" class=\"elementor elementor-3526\" data-elementor-post-type=\"page\">\n\t\t\t\t<div class=\"elementor-element elementor-element-4c81a91 e-flex e-con-boxed e-con e-parent\" data-id=\"4c81a91\" data-element_type=\"container\" data-e-type=\"container\">\n\t\t\t\t\t<div class=\"e-con-inner\">\n\t\t<div class=\"elementor-element elementor-element-d32ca68 e-con-full e-flex e-con e-child\" data-id=\"d32ca68\" data-element_type=\"container\" data-e-type=\"container\">\n\t\t\t\t<div class=\"elementor-element elementor-element-cd515fb elementor-widget elementor-widget-spacer\" data-id=\"cd515fb\" data-element_type=\"widget\" data-e-type=\"widget\" data-widget_type=\"spacer.default\">\n\t\t\t\t<div class=\"elementor-widget-container\">\n\t\t\t\t\t\t\t<div class=\"elementor-spacer\">\n\t\t\t<div class=\"elementor-spacer-inner\"><\/div>\n\t\t<\/div>\n\t\t\t\t\t\t<\/div>\n\t\t\t\t<\/div>\n\t\t\t\t<\/div>\n\t\t\t\t\t<\/div>\n\t\t\t\t<\/div>\n\t\t<div class=\"elementor-element elementor-element-2e409f9 e-flex e-con-boxed e-con e-parent\" data-id=\"2e409f9\" data-element_type=\"container\" data-e-type=\"container\">\n\t\t\t\t\t<div class=\"e-con-inner\">\n\t\t\t\t<div class=\"elementor-element elementor-element-0d490a5 elementor-widget elementor-widget-html\" data-id=\"0d490a5\" data-element_type=\"widget\" data-e-type=\"widget\" data-widget_type=\"html.default\">\n\t\t\t\t<div class=\"elementor-widget-container\">\n\t\t\t\t\t<section>\n  <strong><h1><\/bold>Bilgi G\u00fcvenli\u011fi Politikas\u0131<\/strong><\/h1>\n  <p><strong>D\u00f6k\u00fcman No:<\/strong> YS-YD05 &nbsp; | &nbsp;\n     <strong>Rev. No:<\/strong> 00 &nbsp; | &nbsp;\n     <strong>Rev. Tarihi:<\/strong> 02.01.2025 &nbsp; | &nbsp;\n     <strong>Yay\u0131n Tarihi:<\/strong> 02.01.2025<\/p>\n\n  <p>\n    <strong>Artiwise olarak, bilgi g\u00fcvenli\u011fini i\u015f s\u00fcre\u00e7lerimizin ve m\u00fc\u015fterilerimize sundu\u011fumuz de\u011ferinayr\u0131lmaz bir par\u00e7as\u0131 olarak g\u00f6r\u00fcyoruz.<\/strong> Yapay zeka \u00e7\u00f6z\u00fcmlerimizle m\u00fc\u015fterilerimizesundu\u011fumuz de\u011feri koruyabilmek i\u00e7in bilgi varl\u0131klar\u0131m\u0131z\u0131n gizlili\u011fini, b\u00fct\u00fcnl\u00fc\u011f\u00fcn\u00fc veeri\u015filebilirli\u011fini en \u00fcst d\u00fczeyde tutuyoruz. Bu do\u011frultuda, bilgi g\u00fcvenli\u011fi hedeflerimizi belirledikve bu hedeflere ula\u015fmak i\u00e7in s\u00fcrekli olarak \u00e7al\u0131\u015f\u0131yoruz.\n  \n  <\/p>\n\n  <h4>Bilgi varl\u0131klar\u0131m\u0131z\u0131n gizlili\u011fini korumak i\u00e7in:<\/h4>\n  <ul>\n    <li>Hassas verileri \u015fifreleyerek ve yetkisiz eri\u015fimi engelleyerek koruyoruz.<\/li>\n    <li>Veri kayb\u0131 riskini en aza indirmek i\u00e7in d\u00fczenli yedeklemeler yap\u0131yoruz.<\/li>\n    <li>\u00c7al\u0131\u015fanlar\u0131m\u0131z\u0131n bilgi g\u00fcvenli\u011fi fark\u0131ndal\u0131\u011f\u0131n\u0131 art\u0131rmak i\u00e7in e\u011fitimler d\u00fczenliyoruz.<\/li>\n    <li>\u00dc\u00e7\u00fcnc\u00fc taraflarla \u00e7al\u0131\u015f\u0131rken veri gizlili\u011fi s\u00f6zle\u015fmeleri imzal\u0131yoruz.<\/li>\n  <\/ul>\n<br>\n  <h4>Bilgi varl\u0131klar\u0131m\u0131z\u0131n b\u00fct\u00fcnl\u00fc\u011f\u00fcn\u00fc korumak i\u00e7in:<\/h4>\n  <ul>\n    <li>Veri b\u00fct\u00fcnl\u00fc\u011f\u00fcn\u00fc sa\u011flamak i\u00e7in d\u00fczenli olarak veri do\u011frulama i\u015flemleri yap\u0131yoruz.<\/li>\n    <li>Sistemlerimize yetkisiz m\u00fcdahaleleri engellemek i\u00e7in g\u00fcvenlik duvarlar\u0131 ve di\u011fer g\u00fcvenlik \u00f6nlemleri kullan\u0131yoruz.<\/li>\n    <li>Yaz\u0131l\u0131m g\u00fcncellemelerini d\u00fczenli olarak yaparak sistemlerimizin g\u00fcvenli\u011fini art\u0131r\u0131yoruz.<\/li>\n  <\/ul>\n<br>\n  <h4>Bilgi varl\u0131klar\u0131na eri\u015fimi y\u00f6netmek i\u00e7in:<\/h4>\n  <ul>\n    <li>\u00c7al\u0131\u015fanlar\u0131m\u0131za ihtiya\u00e7lar\u0131 do\u011frultusunda eri\u015fim haklar\u0131 veriyoruz.<\/li>\n    <li>Eri\u015fim haklar\u0131n\u0131 d\u00fczenli olarak g\u00f6zden ge\u00e7irip g\u00fcncelliyoruz.<\/li>\n    <li>\u00c7ok fakt\u00f6rl\u00fc kimlik do\u011frulama gibi g\u00fc\u00e7l\u00fc kimlik do\u011frulama y\u00f6ntemleri kullan\u0131yoruz.<\/li>\n  <\/ul>\n<br>\n  <h4>Bilgi g\u00fcvenli\u011fi olaylar\u0131na kar\u015f\u0131 haz\u0131rl\u0131kl\u0131 olmak i\u00e7in:<\/h4>\n  <ul>\n    <li>Olas\u0131 g\u00fcvenlik olaylar\u0131n\u0131 tespit etmek i\u00e7in s\u00fcrekli olarak sistemlerimizi izliyoruz.<\/li>\n    <li>Olaylara h\u0131zl\u0131 ve etkin bir \u015fekilde yan\u0131t verebilmek i\u00e7in acil durum planlar\u0131m\u0131z haz\u0131r.<\/li>\n    <li>Olay sonras\u0131 de\u011ferlendirme yaparak sistemlerimizi geli\u015ftirmeye devam ediyoruz.<\/li>\n  <\/ul>\n\n  <p> <br><br>\n    <strong>T\u00fcm \u00e7al\u0131\u015fanlar\u0131m\u0131z, bilgi g\u00fcvenli\u011fi konusunda sorumluluk alarak \u015firketimizin bilgi g\u00fcvenli\u011fi k\u00fclt\u00fcr\u00fcne katk\u0131da bulunuyor.<\/strong> Yasal ve d\u00fczenleyici gerekliliklere tam uyum sa\u011flayarak, bilgi g\u00fcvenli\u011fi y\u00f6netim sistemimizi s\u00fcrekli olarak geli\u015ftiriyor ve yenilik\u00e7i teknolojilerle destekliyoruz. Bilgi g\u00fcvenli\u011fi fark\u0131ndal\u0131\u011f\u0131n\u0131 art\u0131rmak i\u00e7in d\u00fczenli e\u011fitimler d\u00fczenliyor ve bilgi g\u00fcvenli\u011fi s\u00fcre\u00e7lerimizi \u015firket k\u00fclt\u00fcr\u00fcm\u00fcz\u00fcn bir par\u00e7as\u0131 haline getiriyoruz.\n  <\/p>\n\n  <p>\n    <strong>M\u00fc\u015fterilerimize g\u00fcvenilir bir \u00e7\u00f6z\u00fcm orta\u011f\u0131 olarak, yenilik\u00e7i ve g\u00fcvenli yapay zeka \u00e7\u00f6z\u00fcmleri sunmay\u0131 taahh\u00fct ediyoruz.<\/strong> Bilgi g\u00fcvenli\u011fi, m\u00fc\u015fteri memnuniyeti ve i\u015f s\u00fcreklili\u011fimiz i\u00e7in vazge\u00e7ilmez bir unsurdur.\n  <\/p>\n<\/section>\n\t\t\t\t<\/div>\n\t\t\t\t<\/div>\n\t\t\t\t<div class=\"elementor-element elementor-element-d97887f elementor-widget elementor-widget-spacer\" data-id=\"d97887f\" data-element_type=\"widget\" data-e-type=\"widget\" data-widget_type=\"spacer.default\">\n\t\t\t\t<div class=\"elementor-widget-container\">\n\t\t\t\t\t\t\t<div class=\"elementor-spacer\">\n\t\t\t<div class=\"elementor-spacer-inner\"><\/div>\n\t\t<\/div>\n\t\t\t\t\t\t<\/div>\n\t\t\t\t<\/div>\n\t\t\t\t\t<\/div>\n\t\t\t\t<\/div>\n\t\t\t\t<\/div>\n\t\t","protected":false},"excerpt":{"rendered":"<p>Bilgi G\u00fcvenli\u011fi Politikas\u0131 D\u00f6k\u00fcman No: YS-YD05 &nbsp; | &nbsp; Rev. No: 00 &nbsp; | &nbsp; Rev. Tarihi: 02.01.2025 &nbsp; | &nbsp; Yay\u0131n Tarihi: 02.01.2025 Artiwise olarak, bilgi g\u00fcvenli\u011fini i\u015f s\u00fcre\u00e7lerimizin ve m\u00fc\u015fterilerimize sundu\u011fumuz de\u011ferinayr\u0131lmaz bir par\u00e7as\u0131 olarak g\u00f6r\u00fcyoruz. Yapay zeka \u00e7\u00f6z\u00fcmlerimizle m\u00fc\u015fterilerimizesundu\u011fumuz de\u011feri koruyabilmek i\u00e7in bilgi varl\u0131klar\u0131m\u0131z\u0131n gizlili\u011fini, b\u00fct\u00fcnl\u00fc\u011f\u00fcn\u00fc veeri\u015filebilirli\u011fini en \u00fcst d\u00fczeyde tutuyoruz. Bu [&hellip;]<\/p>\n","protected":false},"author":1,"featured_media":0,"parent":0,"menu_order":0,"comment_status":"closed","ping_status":"closed","template":"","meta":{"footnotes":""},"categories":[],"tags":[],"class_list":["post-3526","page","type-page","status-publish","hentry"],"yoast_head":"<!-- This site is optimized with the Yoast SEO plugin v27.1.1 - https:\/\/yoast.com\/product\/yoast-seo-wordpress\/ -->\n<title>Artiwise Bilgi G\u00fcvenli\u011fi Politikas\u0131 - Artiwise<\/title>\n<meta name=\"description\" content=\"Ki\u015fisel verilerinizin korunmas\u0131na \u00f6nem veriyoruz. Bilgi g\u00fcvenli\u011fi politikam\u0131za g\u00f6z at\u0131n!\" \/>\n<meta name=\"robots\" content=\"index, follow, max-snippet:-1, max-image-preview:large, max-video-preview:-1\" \/>\n<link rel=\"canonical\" href=\"https:\/\/artiwise.com\/tr\/artiwise-bilgi-guvenligi-politikasi\/\" \/>\n<meta property=\"og:locale\" content=\"tr_TR\" \/>\n<meta property=\"og:type\" content=\"article\" \/>\n<meta property=\"og:title\" content=\"Artiwise Bilgi G\u00fcvenli\u011fi Politikas\u0131 - Artiwise\" \/>\n<meta property=\"og:description\" content=\"Ki\u015fisel verilerinizin korunmas\u0131na \u00f6nem veriyoruz. Bilgi g\u00fcvenli\u011fi politikam\u0131za g\u00f6z at\u0131n!\" \/>\n<meta property=\"og:url\" content=\"https:\/\/artiwise.com\/tr\/artiwise-bilgi-guvenligi-politikasi\/\" \/>\n<meta property=\"og:site_name\" content=\"Artiwise\" \/>\n<meta property=\"article:modified_time\" content=\"2025-06-23T07:17:31+00:00\" \/>\n<meta name=\"twitter:card\" content=\"summary_large_image\" \/>\n<meta name=\"twitter:label1\" content=\"Tahmini okuma s\u00fcresi\" \/>\n\t<meta name=\"twitter:data1\" content=\"2 dakika\" \/>\n<script type=\"application\/ld+json\" class=\"yoast-schema-graph\">{\"@context\":\"https:\/\/schema.org\",\"@graph\":[{\"@type\":\"WebPage\",\"@id\":\"https:\/\/artiwise.com\/tr\/artiwise-bilgi-guvenligi-politikasi\/\",\"url\":\"https:\/\/artiwise.com\/tr\/artiwise-bilgi-guvenligi-politikasi\/\",\"name\":\"Artiwise Bilgi G\u00fcvenli\u011fi Politikas\u0131 - Artiwise\",\"isPartOf\":{\"@id\":\"https:\/\/artiwise.com\/tr\/#website\"},\"datePublished\":\"2024-08-08T13:09:05+00:00\",\"dateModified\":\"2025-06-23T07:17:31+00:00\",\"description\":\"Ki\u015fisel verilerinizin korunmas\u0131na \u00f6nem veriyoruz. Bilgi g\u00fcvenli\u011fi politikam\u0131za g\u00f6z at\u0131n!\",\"breadcrumb\":{\"@id\":\"https:\/\/artiwise.com\/tr\/artiwise-bilgi-guvenligi-politikasi\/#breadcrumb\"},\"inLanguage\":\"tr\",\"potentialAction\":[{\"@type\":\"ReadAction\",\"target\":[\"https:\/\/artiwise.com\/tr\/artiwise-bilgi-guvenligi-politikasi\/\"]}]},{\"@type\":\"BreadcrumbList\",\"@id\":\"https:\/\/artiwise.com\/tr\/artiwise-bilgi-guvenligi-politikasi\/#breadcrumb\",\"itemListElement\":[{\"@type\":\"ListItem\",\"position\":1,\"name\":\"Home\",\"item\":\"https:\/\/artiwise.com\/tr\/\"},{\"@type\":\"ListItem\",\"position\":2,\"name\":\"Artiwise Bilgi G\u00fcvenli\u011fi Politikas\u0131\"}]},{\"@type\":\"WebSite\",\"@id\":\"https:\/\/artiwise.com\/tr\/#website\",\"url\":\"https:\/\/artiwise.com\/tr\/\",\"name\":\"Artiwise\",\"description\":\"Yapay Zeka M\u00fc\u015fteri Deneyimi Y\u00f6netimi Platformu\",\"publisher\":{\"@id\":\"https:\/\/artiwise.com\/tr\/#organization\"},\"potentialAction\":[{\"@type\":\"SearchAction\",\"target\":{\"@type\":\"EntryPoint\",\"urlTemplate\":\"https:\/\/artiwise.com\/tr\/?s={search_term_string}\"},\"query-input\":{\"@type\":\"PropertyValueSpecification\",\"valueRequired\":true,\"valueName\":\"search_term_string\"}}],\"inLanguage\":\"tr\"},{\"@type\":\"Organization\",\"@id\":\"https:\/\/artiwise.com\/tr\/#organization\",\"name\":\"Artiwise\",\"url\":\"https:\/\/artiwise.com\/tr\/\",\"logo\":{\"@type\":\"ImageObject\",\"inLanguage\":\"tr\",\"@id\":\"https:\/\/artiwise.com\/tr\/#\/schema\/logo\/image\/\",\"url\":\"https:\/\/artiwise.com\/tr\/wp-content\/uploads\/sites\/2\/2024\/02\/Artiwiselogo-tfume@1x.svg\",\"contentUrl\":\"https:\/\/artiwise.com\/tr\/wp-content\/uploads\/sites\/2\/2024\/02\/Artiwiselogo-tfume@1x.svg\",\"width\":207,\"height\":37,\"caption\":\"Artiwise\"},\"image\":{\"@id\":\"https:\/\/artiwise.com\/tr\/#\/schema\/logo\/image\/\"}}]}<\/script>\n<!-- \/ Yoast SEO plugin. -->","yoast_head_json":{"title":"Artiwise Bilgi G\u00fcvenli\u011fi Politikas\u0131 - Artiwise","description":"Ki\u015fisel verilerinizin korunmas\u0131na \u00f6nem veriyoruz. Bilgi g\u00fcvenli\u011fi politikam\u0131za g\u00f6z at\u0131n!","robots":{"index":"index","follow":"follow","max-snippet":"max-snippet:-1","max-image-preview":"max-image-preview:large","max-video-preview":"max-video-preview:-1"},"canonical":"https:\/\/artiwise.com\/tr\/artiwise-bilgi-guvenligi-politikasi\/","og_locale":"tr_TR","og_type":"article","og_title":"Artiwise Bilgi G\u00fcvenli\u011fi Politikas\u0131 - Artiwise","og_description":"Ki\u015fisel verilerinizin korunmas\u0131na \u00f6nem veriyoruz. Bilgi g\u00fcvenli\u011fi politikam\u0131za g\u00f6z at\u0131n!","og_url":"https:\/\/artiwise.com\/tr\/artiwise-bilgi-guvenligi-politikasi\/","og_site_name":"Artiwise","article_modified_time":"2025-06-23T07:17:31+00:00","twitter_card":"summary_large_image","twitter_misc":{"Tahmini okuma s\u00fcresi":"2 dakika"},"schema":{"@context":"https:\/\/schema.org","@graph":[{"@type":"WebPage","@id":"https:\/\/artiwise.com\/tr\/artiwise-bilgi-guvenligi-politikasi\/","url":"https:\/\/artiwise.com\/tr\/artiwise-bilgi-guvenligi-politikasi\/","name":"Artiwise Bilgi G\u00fcvenli\u011fi Politikas\u0131 - Artiwise","isPartOf":{"@id":"https:\/\/artiwise.com\/tr\/#website"},"datePublished":"2024-08-08T13:09:05+00:00","dateModified":"2025-06-23T07:17:31+00:00","description":"Ki\u015fisel verilerinizin korunmas\u0131na \u00f6nem veriyoruz. Bilgi g\u00fcvenli\u011fi politikam\u0131za g\u00f6z at\u0131n!","breadcrumb":{"@id":"https:\/\/artiwise.com\/tr\/artiwise-bilgi-guvenligi-politikasi\/#breadcrumb"},"inLanguage":"tr","potentialAction":[{"@type":"ReadAction","target":["https:\/\/artiwise.com\/tr\/artiwise-bilgi-guvenligi-politikasi\/"]}]},{"@type":"BreadcrumbList","@id":"https:\/\/artiwise.com\/tr\/artiwise-bilgi-guvenligi-politikasi\/#breadcrumb","itemListElement":[{"@type":"ListItem","position":1,"name":"Home","item":"https:\/\/artiwise.com\/tr\/"},{"@type":"ListItem","position":2,"name":"Artiwise Bilgi G\u00fcvenli\u011fi Politikas\u0131"}]},{"@type":"WebSite","@id":"https:\/\/artiwise.com\/tr\/#website","url":"https:\/\/artiwise.com\/tr\/","name":"Artiwise","description":"Yapay Zeka M\u00fc\u015fteri Deneyimi Y\u00f6netimi Platformu","publisher":{"@id":"https:\/\/artiwise.com\/tr\/#organization"},"potentialAction":[{"@type":"SearchAction","target":{"@type":"EntryPoint","urlTemplate":"https:\/\/artiwise.com\/tr\/?s={search_term_string}"},"query-input":{"@type":"PropertyValueSpecification","valueRequired":true,"valueName":"search_term_string"}}],"inLanguage":"tr"},{"@type":"Organization","@id":"https:\/\/artiwise.com\/tr\/#organization","name":"Artiwise","url":"https:\/\/artiwise.com\/tr\/","logo":{"@type":"ImageObject","inLanguage":"tr","@id":"https:\/\/artiwise.com\/tr\/#\/schema\/logo\/image\/","url":"https:\/\/artiwise.com\/tr\/wp-content\/uploads\/sites\/2\/2024\/02\/Artiwiselogo-tfume@1x.svg","contentUrl":"https:\/\/artiwise.com\/tr\/wp-content\/uploads\/sites\/2\/2024\/02\/Artiwiselogo-tfume@1x.svg","width":207,"height":37,"caption":"Artiwise"},"image":{"@id":"https:\/\/artiwise.com\/tr\/#\/schema\/logo\/image\/"}}]}},"_links":{"self":[{"href":"https:\/\/artiwise.com\/tr\/wp-json\/wp\/v2\/pages\/3526","targetHints":{"allow":["GET"]}}],"collection":[{"href":"https:\/\/artiwise.com\/tr\/wp-json\/wp\/v2\/pages"}],"about":[{"href":"https:\/\/artiwise.com\/tr\/wp-json\/wp\/v2\/types\/page"}],"author":[{"embeddable":true,"href":"https:\/\/artiwise.com\/tr\/wp-json\/wp\/v2\/users\/1"}],"replies":[{"embeddable":true,"href":"https:\/\/artiwise.com\/tr\/wp-json\/wp\/v2\/comments?post=3526"}],"version-history":[{"count":31,"href":"https:\/\/artiwise.com\/tr\/wp-json\/wp\/v2\/pages\/3526\/revisions"}],"predecessor-version":[{"id":5174,"href":"https:\/\/artiwise.com\/tr\/wp-json\/wp\/v2\/pages\/3526\/revisions\/5174"}],"wp:attachment":[{"href":"https:\/\/artiwise.com\/tr\/wp-json\/wp\/v2\/media?parent=3526"}],"wp:term":[{"taxonomy":"category","embeddable":true,"href":"https:\/\/artiwise.com\/tr\/wp-json\/wp\/v2\/categories?post=3526"},{"taxonomy":"post_tag","embeddable":true,"href":"https:\/\/artiwise.com\/tr\/wp-json\/wp\/v2\/tags?post=3526"}],"curies":[{"name":"wp","href":"https:\/\/api.w.org\/{rel}","templated":true}]}}