{"id":4618,"date":"2025-06-13T06:48:25","date_gmt":"2025-06-13T06:48:25","guid":{"rendered":"https:\/\/artiwise.com\/tr\/?page_id=4618"},"modified":"2026-01-20T07:40:20","modified_gmt":"2026-01-20T07:40:20","slug":"iletisime-gecelim","status":"publish","type":"page","link":"https:\/\/artiwise.com\/tr\/iletisime-gecelim\/","title":{"rendered":"\u0130leti\u015fim"},"content":{"rendered":"\t\t<div data-elementor-type=\"wp-page\" data-elementor-id=\"4618\" class=\"elementor elementor-4618\" data-elementor-post-type=\"page\">\n\t\t\t\t<div class=\"elementor-element elementor-element-df7f8a2 e-con-full e-flex e-con e-child\" data-id=\"df7f8a2\" data-element_type=\"container\" data-e-type=\"container\" data-settings=\"{&quot;background_background&quot;:&quot;classic&quot;}\">\n\t\t<div class=\"elementor-element elementor-element-3542a36 e-con-full e-flex e-con e-child\" data-id=\"3542a36\" data-element_type=\"container\" data-e-type=\"container\">\n\t\t<div class=\"elementor-element elementor-element-a2ffd89 e-con-full e-flex e-con e-child\" data-id=\"a2ffd89\" data-element_type=\"container\" data-e-type=\"container\">\n\t\t\t\t<div class=\"elementor-element elementor-element-6e90f1f elementor-widget elementor-widget-heading\" data-id=\"6e90f1f\" data-element_type=\"widget\" data-e-type=\"widget\" data-widget_type=\"heading.default\">\n\t\t\t\t<div class=\"elementor-widget-container\">\n\t\t\t\t\t<h2 class=\"elementor-heading-title elementor-size-default\">CX\u2019i Par\u00e7a Par\u00e7a De\u011fil, Tek Platformdan Y\u00f6netin.<\/h2>\t\t\t\t<\/div>\n\t\t\t\t<\/div>\n\t\t\t\t<div class=\"elementor-element elementor-element-139407b elementor-widget__width-initial elementor-widget elementor-widget-heading\" data-id=\"139407b\" data-element_type=\"widget\" data-e-type=\"widget\" data-widget_type=\"heading.default\">\n\t\t\t\t<div class=\"elementor-widget-container\">\n\t\t\t\t\t<h2 class=\"elementor-heading-title elementor-size-default\">Artiwise CXM ile geri bildirimden stratejiye, her \u015fey ger\u00e7ek zamanl\u0131.\nFormu doldurun, hemen sizinle ileti\u015fime ge\u00e7elim.<\/h2>\t\t\t\t<\/div>\n\t\t\t\t<\/div>\n\t\t<div class=\"elementor-element elementor-element-43c9ffb e-con-full e-flex e-con e-child\" data-id=\"43c9ffb\" data-element_type=\"container\" data-e-type=\"container\" data-settings=\"{&quot;background_background&quot;:&quot;classic&quot;}\">\n\t\t\t\t<div class=\"elementor-element elementor-element-eb8c115 elementor-widget elementor-widget-html\" data-id=\"eb8c115\" data-element_type=\"widget\" data-e-type=\"widget\" data-widget_type=\"html.default\">\n\t\t\t\t<div class=\"elementor-widget-container\">\n\t\t\t\t\t<div style=\"background-color: transparent; padding: 0;\">\n  <iframe \n    aria-label=\"Artiwise \u0130leti\u015fim Formu TR\"\n    frameborder=\"0\"\n    style=\"height:850px;width:100%;border:none; background: transparent;\"\n    src=\"https:\/\/forms.zohopublic.com\/artiwise1\/form\/ArtiwiseletiimFormuTR\/formperma\/McHG_3oBSjoyDvuD8Y7nMXi6e3ULLPga34uIdBTC7B4\">\n  <\/iframe>\n<\/div>\n\t\t\t\t<\/div>\n\t\t\t\t<\/div>\n\t\t\t\t<\/div>\n\t\t\t\t<\/div>\n\t\t\t\t<\/div>\n\t\t\t\t<\/div>\n\t\t\t\t<\/div>\n\t\t","protected":false},"excerpt":{"rendered":"<p>CX\u2019i Par\u00e7a Par\u00e7a De\u011fil, Tek Platformdan Y\u00f6netin. Artiwise CXM ile geri bildirimden stratejiye, her \u015fey ger\u00e7ek zamanl\u0131. Formu doldurun, hemen sizinle ileti\u015fime ge\u00e7elim.<\/p>\n","protected":false},"author":1,"featured_media":5883,"parent":0,"menu_order":0,"comment_status":"closed","ping_status":"closed","template":"","meta":{"footnotes":""},"categories":[],"tags":[],"class_list":["post-4618","page","type-page","status-publish","has-post-thumbnail","hentry"],"yoast_head":"<!-- This site is optimized with the Yoast SEO plugin v27.1.1 - https:\/\/yoast.com\/product\/yoast-seo-wordpress\/ -->\n<title>\u0130leti\u015fim - Artiwise<\/title>\n<meta name=\"description\" content=\"Artiwise ile ileti\u015fime ge\u00e7mekten \u00e7ekinmeyin. Sorular\u0131n\u0131z\u0131 sormak, i\u015fbirli\u011fi \u00f6nerilerinde bulunmak veya daha fazla bilgi almak i\u00e7in bize ula\u015f\u0131n.\" \/>\n<meta name=\"robots\" content=\"index, follow, max-snippet:-1, max-image-preview:large, max-video-preview:-1\" \/>\n<link rel=\"canonical\" href=\"https:\/\/artiwise.com\/tr\/iletisime-gecelim\/\" \/>\n<meta property=\"og:locale\" content=\"tr_TR\" \/>\n<meta property=\"og:type\" content=\"article\" \/>\n<meta property=\"og:title\" content=\"\u0130leti\u015fim - Artiwise\" \/>\n<meta property=\"og:description\" content=\"Artiwise ile ileti\u015fime ge\u00e7mekten \u00e7ekinmeyin. Sorular\u0131n\u0131z\u0131 sormak, i\u015fbirli\u011fi \u00f6nerilerinde bulunmak veya daha fazla bilgi almak i\u00e7in bize ula\u015f\u0131n.\" \/>\n<meta property=\"og:url\" content=\"https:\/\/artiwise.com\/tr\/iletisime-gecelim\/\" \/>\n<meta property=\"og:site_name\" content=\"Artiwise\" \/>\n<meta property=\"article:modified_time\" content=\"2026-01-20T07:40:20+00:00\" \/>\n<meta property=\"og:image\" content=\"https:\/\/artiwise.com\/tr\/wp-content\/uploads\/sites\/2\/2025\/07\/cropped-Logo-icon.png\" \/>\n\t<meta property=\"og:image:width\" content=\"512\" \/>\n\t<meta property=\"og:image:height\" content=\"512\" \/>\n\t<meta property=\"og:image:type\" content=\"image\/png\" \/>\n<meta name=\"twitter:card\" content=\"summary_large_image\" \/>\n<meta name=\"twitter:label1\" content=\"Tahmini okuma s\u00fcresi\" \/>\n\t<meta name=\"twitter:data1\" content=\"1 dakika\" \/>\n<script type=\"application\/ld+json\" class=\"yoast-schema-graph\">{\"@context\":\"https:\/\/schema.org\",\"@graph\":[{\"@type\":\"WebPage\",\"@id\":\"https:\/\/artiwise.com\/tr\/iletisime-gecelim\/\",\"url\":\"https:\/\/artiwise.com\/tr\/iletisime-gecelim\/\",\"name\":\"\u0130leti\u015fim - Artiwise\",\"isPartOf\":{\"@id\":\"https:\/\/artiwise.com\/tr\/#website\"},\"primaryImageOfPage\":{\"@id\":\"https:\/\/artiwise.com\/tr\/iletisime-gecelim\/#primaryimage\"},\"image\":{\"@id\":\"https:\/\/artiwise.com\/tr\/iletisime-gecelim\/#primaryimage\"},\"thumbnailUrl\":\"https:\/\/artiwise.com\/tr\/wp-content\/uploads\/sites\/2\/2025\/07\/cropped-Logo-icon.png\",\"datePublished\":\"2025-06-13T06:48:25+00:00\",\"dateModified\":\"2026-01-20T07:40:20+00:00\",\"description\":\"Artiwise ile ileti\u015fime ge\u00e7mekten \u00e7ekinmeyin. Sorular\u0131n\u0131z\u0131 sormak, i\u015fbirli\u011fi \u00f6nerilerinde bulunmak veya daha fazla bilgi almak i\u00e7in bize ula\u015f\u0131n.\",\"breadcrumb\":{\"@id\":\"https:\/\/artiwise.com\/tr\/iletisime-gecelim\/#breadcrumb\"},\"inLanguage\":\"tr\",\"potentialAction\":[{\"@type\":\"ReadAction\",\"target\":[\"https:\/\/artiwise.com\/tr\/iletisime-gecelim\/\"]}]},{\"@type\":\"ImageObject\",\"inLanguage\":\"tr\",\"@id\":\"https:\/\/artiwise.com\/tr\/iletisime-gecelim\/#primaryimage\",\"url\":\"https:\/\/artiwise.com\/tr\/wp-content\/uploads\/sites\/2\/2025\/07\/cropped-Logo-icon.png\",\"contentUrl\":\"https:\/\/artiwise.com\/tr\/wp-content\/uploads\/sites\/2\/2025\/07\/cropped-Logo-icon.png\",\"width\":512,\"height\":512},{\"@type\":\"BreadcrumbList\",\"@id\":\"https:\/\/artiwise.com\/tr\/iletisime-gecelim\/#breadcrumb\",\"itemListElement\":[{\"@type\":\"ListItem\",\"position\":1,\"name\":\"Home\",\"item\":\"https:\/\/artiwise.com\/tr\/\"},{\"@type\":\"ListItem\",\"position\":2,\"name\":\"\u0130leti\u015fim\"}]},{\"@type\":\"WebSite\",\"@id\":\"https:\/\/artiwise.com\/tr\/#website\",\"url\":\"https:\/\/artiwise.com\/tr\/\",\"name\":\"Artiwise\",\"description\":\"Yapay Zeka M\u00fc\u015fteri Deneyimi Y\u00f6netimi Platformu\",\"publisher\":{\"@id\":\"https:\/\/artiwise.com\/tr\/#organization\"},\"potentialAction\":[{\"@type\":\"SearchAction\",\"target\":{\"@type\":\"EntryPoint\",\"urlTemplate\":\"https:\/\/artiwise.com\/tr\/?s={search_term_string}\"},\"query-input\":{\"@type\":\"PropertyValueSpecification\",\"valueRequired\":true,\"valueName\":\"search_term_string\"}}],\"inLanguage\":\"tr\"},{\"@type\":\"Organization\",\"@id\":\"https:\/\/artiwise.com\/tr\/#organization\",\"name\":\"Artiwise\",\"url\":\"https:\/\/artiwise.com\/tr\/\",\"logo\":{\"@type\":\"ImageObject\",\"inLanguage\":\"tr\",\"@id\":\"https:\/\/artiwise.com\/tr\/#\/schema\/logo\/image\/\",\"url\":\"https:\/\/artiwise.com\/tr\/wp-content\/uploads\/sites\/2\/2024\/02\/Artiwiselogo-tfume@1x.svg\",\"contentUrl\":\"https:\/\/artiwise.com\/tr\/wp-content\/uploads\/sites\/2\/2024\/02\/Artiwiselogo-tfume@1x.svg\",\"width\":207,\"height\":37,\"caption\":\"Artiwise\"},\"image\":{\"@id\":\"https:\/\/artiwise.com\/tr\/#\/schema\/logo\/image\/\"}}]}<\/script>\n<!-- \/ Yoast SEO plugin. -->","yoast_head_json":{"title":"\u0130leti\u015fim - Artiwise","description":"Artiwise ile ileti\u015fime ge\u00e7mekten \u00e7ekinmeyin. Sorular\u0131n\u0131z\u0131 sormak, i\u015fbirli\u011fi \u00f6nerilerinde bulunmak veya daha fazla bilgi almak i\u00e7in bize ula\u015f\u0131n.","robots":{"index":"index","follow":"follow","max-snippet":"max-snippet:-1","max-image-preview":"max-image-preview:large","max-video-preview":"max-video-preview:-1"},"canonical":"https:\/\/artiwise.com\/tr\/iletisime-gecelim\/","og_locale":"tr_TR","og_type":"article","og_title":"\u0130leti\u015fim - Artiwise","og_description":"Artiwise ile ileti\u015fime ge\u00e7mekten \u00e7ekinmeyin. Sorular\u0131n\u0131z\u0131 sormak, i\u015fbirli\u011fi \u00f6nerilerinde bulunmak veya daha fazla bilgi almak i\u00e7in bize ula\u015f\u0131n.","og_url":"https:\/\/artiwise.com\/tr\/iletisime-gecelim\/","og_site_name":"Artiwise","article_modified_time":"2026-01-20T07:40:20+00:00","og_image":[{"width":512,"height":512,"url":"https:\/\/artiwise.com\/tr\/wp-content\/uploads\/sites\/2\/2025\/07\/cropped-Logo-icon.png","type":"image\/png"}],"twitter_card":"summary_large_image","twitter_misc":{"Tahmini okuma s\u00fcresi":"1 dakika"},"schema":{"@context":"https:\/\/schema.org","@graph":[{"@type":"WebPage","@id":"https:\/\/artiwise.com\/tr\/iletisime-gecelim\/","url":"https:\/\/artiwise.com\/tr\/iletisime-gecelim\/","name":"\u0130leti\u015fim - Artiwise","isPartOf":{"@id":"https:\/\/artiwise.com\/tr\/#website"},"primaryImageOfPage":{"@id":"https:\/\/artiwise.com\/tr\/iletisime-gecelim\/#primaryimage"},"image":{"@id":"https:\/\/artiwise.com\/tr\/iletisime-gecelim\/#primaryimage"},"thumbnailUrl":"https:\/\/artiwise.com\/tr\/wp-content\/uploads\/sites\/2\/2025\/07\/cropped-Logo-icon.png","datePublished":"2025-06-13T06:48:25+00:00","dateModified":"2026-01-20T07:40:20+00:00","description":"Artiwise ile ileti\u015fime ge\u00e7mekten \u00e7ekinmeyin. Sorular\u0131n\u0131z\u0131 sormak, i\u015fbirli\u011fi \u00f6nerilerinde bulunmak veya daha fazla bilgi almak i\u00e7in bize ula\u015f\u0131n.","breadcrumb":{"@id":"https:\/\/artiwise.com\/tr\/iletisime-gecelim\/#breadcrumb"},"inLanguage":"tr","potentialAction":[{"@type":"ReadAction","target":["https:\/\/artiwise.com\/tr\/iletisime-gecelim\/"]}]},{"@type":"ImageObject","inLanguage":"tr","@id":"https:\/\/artiwise.com\/tr\/iletisime-gecelim\/#primaryimage","url":"https:\/\/artiwise.com\/tr\/wp-content\/uploads\/sites\/2\/2025\/07\/cropped-Logo-icon.png","contentUrl":"https:\/\/artiwise.com\/tr\/wp-content\/uploads\/sites\/2\/2025\/07\/cropped-Logo-icon.png","width":512,"height":512},{"@type":"BreadcrumbList","@id":"https:\/\/artiwise.com\/tr\/iletisime-gecelim\/#breadcrumb","itemListElement":[{"@type":"ListItem","position":1,"name":"Home","item":"https:\/\/artiwise.com\/tr\/"},{"@type":"ListItem","position":2,"name":"\u0130leti\u015fim"}]},{"@type":"WebSite","@id":"https:\/\/artiwise.com\/tr\/#website","url":"https:\/\/artiwise.com\/tr\/","name":"Artiwise","description":"Yapay Zeka M\u00fc\u015fteri Deneyimi Y\u00f6netimi Platformu","publisher":{"@id":"https:\/\/artiwise.com\/tr\/#organization"},"potentialAction":[{"@type":"SearchAction","target":{"@type":"EntryPoint","urlTemplate":"https:\/\/artiwise.com\/tr\/?s={search_term_string}"},"query-input":{"@type":"PropertyValueSpecification","valueRequired":true,"valueName":"search_term_string"}}],"inLanguage":"tr"},{"@type":"Organization","@id":"https:\/\/artiwise.com\/tr\/#organization","name":"Artiwise","url":"https:\/\/artiwise.com\/tr\/","logo":{"@type":"ImageObject","inLanguage":"tr","@id":"https:\/\/artiwise.com\/tr\/#\/schema\/logo\/image\/","url":"https:\/\/artiwise.com\/tr\/wp-content\/uploads\/sites\/2\/2024\/02\/Artiwiselogo-tfume@1x.svg","contentUrl":"https:\/\/artiwise.com\/tr\/wp-content\/uploads\/sites\/2\/2024\/02\/Artiwiselogo-tfume@1x.svg","width":207,"height":37,"caption":"Artiwise"},"image":{"@id":"https:\/\/artiwise.com\/tr\/#\/schema\/logo\/image\/"}}]}},"_links":{"self":[{"href":"https:\/\/artiwise.com\/tr\/wp-json\/wp\/v2\/pages\/4618","targetHints":{"allow":["GET"]}}],"collection":[{"href":"https:\/\/artiwise.com\/tr\/wp-json\/wp\/v2\/pages"}],"about":[{"href":"https:\/\/artiwise.com\/tr\/wp-json\/wp\/v2\/types\/page"}],"author":[{"embeddable":true,"href":"https:\/\/artiwise.com\/tr\/wp-json\/wp\/v2\/users\/1"}],"replies":[{"embeddable":true,"href":"https:\/\/artiwise.com\/tr\/wp-json\/wp\/v2\/comments?post=4618"}],"version-history":[{"count":11,"href":"https:\/\/artiwise.com\/tr\/wp-json\/wp\/v2\/pages\/4618\/revisions"}],"predecessor-version":[{"id":7848,"href":"https:\/\/artiwise.com\/tr\/wp-json\/wp\/v2\/pages\/4618\/revisions\/7848"}],"wp:featuredmedia":[{"embeddable":true,"href":"https:\/\/artiwise.com\/tr\/wp-json\/wp\/v2\/media\/5883"}],"wp:attachment":[{"href":"https:\/\/artiwise.com\/tr\/wp-json\/wp\/v2\/media?parent=4618"}],"wp:term":[{"taxonomy":"category","embeddable":true,"href":"https:\/\/artiwise.com\/tr\/wp-json\/wp\/v2\/categories?post=4618"},{"taxonomy":"post_tag","embeddable":true,"href":"https:\/\/artiwise.com\/tr\/wp-json\/wp\/v2\/tags?post=4618"}],"curies":[{"name":"wp","href":"https:\/\/api.w.org\/{rel}","templated":true}]}}