{"id":5825,"date":"2025-07-23T07:45:24","date_gmt":"2025-07-23T07:45:24","guid":{"rendered":"https:\/\/artiwise.com\/tr\/?page_id=5825"},"modified":"2025-07-29T11:41:05","modified_gmt":"2025-07-29T11:41:05","slug":"logo-kiti","status":"publish","type":"page","link":"https:\/\/artiwise.com\/tr\/logo-kiti\/","title":{"rendered":"Logo Kiti"},"content":{"rendered":"\t\t<div data-elementor-type=\"wp-page\" data-elementor-id=\"5825\" class=\"elementor elementor-5825\" data-elementor-post-type=\"page\">\n\t\t\t\t<div class=\"elementor-element elementor-element-7f9bb17 e-con-full e-flex e-con e-child\" data-id=\"7f9bb17\" data-element_type=\"container\" data-e-type=\"container\" data-settings=\"{&quot;background_background&quot;:&quot;classic&quot;}\">\n\t\t<div class=\"elementor-element elementor-element-2aee585 e-con-full e-flex e-con e-child\" data-id=\"2aee585\" data-element_type=\"container\" data-e-type=\"container\">\n\t\t<div class=\"elementor-element elementor-element-ab8c495 e-con-full e-flex e-con e-child\" data-id=\"ab8c495\" data-element_type=\"container\" data-e-type=\"container\">\n\t\t\t\t<div class=\"elementor-element elementor-element-1f11073 elementor-widget elementor-widget-heading\" data-id=\"1f11073\" data-element_type=\"widget\" data-e-type=\"widget\" data-widget_type=\"heading.default\">\n\t\t\t\t<div class=\"elementor-widget-container\">\n\t\t\t\t\t<h1 class=\"elementor-heading-title elementor-size-default\">Artiwise Logo Kiti<\/h1>\t\t\t\t<\/div>\n\t\t\t\t<\/div>\n\t\t\t\t<div class=\"elementor-element elementor-element-c81e42f elementor-widget elementor-widget-heading\" data-id=\"c81e42f\" data-element_type=\"widget\" data-e-type=\"widget\" data-widget_type=\"heading.default\">\n\t\t\t\t<div class=\"elementor-widget-container\">\n\t\t\t\t\t<h2 class=\"elementor-heading-title elementor-size-default\">Artiwise logosunun do\u011fru ve tutarl\u0131 \u015fekilde kullan\u0131lmas\u0131n\u0131 sa\u011flamak i\u00e7in haz\u0131rlad\u0131\u011f\u0131m\u0131z <strong>Kurumsal Logo Kullan\u0131m Standartlar\u0131\u2019na<\/strong> bu sayfadan kolayca ula\u015fabilirsiniz. K\u0131lavuz, markam\u0131z\u0131 t\u00fcm platformlarda profesyonelce temsil etmenize yard\u0131mc\u0131 olur.\n<br><br>\nA\u015fa\u011f\u0131da, k\u0131lavuzu do\u011frudan bu sayfa \u00fczerinden inceleyebilir ve t\u00fcm logo dosyalar\u0131n\u0131 i\u00e7eren paketi (.png, .svg, .ai ve di\u011fer formatlar) butondan indirebilirsiniz.<\/h2>\t\t\t\t<\/div>\n\t\t\t\t<\/div>\n\t\t<div class=\"elementor-element elementor-element-f6e8fa4 e-con-full e-flex e-con e-child\" data-id=\"f6e8fa4\" data-element_type=\"container\" data-e-type=\"container\">\n\t\t\t\t<div class=\"elementor-element elementor-element-968fc55 elementor-mobile-align-center elementor-align-center elementor-widget elementor-widget-button\" data-id=\"968fc55\" data-element_type=\"widget\" data-e-type=\"widget\" data-widget_type=\"button.default\">\n\t\t\t\t<div class=\"elementor-widget-container\">\n\t\t\t\t\t\t\t\t\t<div class=\"elementor-button-wrapper\">\n\t\t\t\t\t<a class=\"elementor-button elementor-button-link elementor-size-sm\" href=\"https:\/\/artiwise.com\/Artiwise_Logo_Kiti.zip\">\n\t\t\t\t\t\t<span class=\"elementor-button-content-wrapper\">\n\t\t\t\t\t\t\t\t\t<span class=\"elementor-button-text\">Logo Dosyalar\u0131n\u0131 \u0130ndir<\/span>\n\t\t\t\t\t<\/span>\n\t\t\t\t\t<\/a>\n\t\t\t\t<\/div>\n\t\t\t\t\t\t\t\t<\/div>\n\t\t\t\t<\/div>\n\t\t\t\t<\/div>\n\t\t\t\t<div class=\"elementor-element elementor-element-5b71c07 elementor-widget elementor-widget-spacer\" data-id=\"5b71c07\" data-element_type=\"widget\" data-e-type=\"widget\" data-widget_type=\"spacer.default\">\n\t\t\t\t<div class=\"elementor-widget-container\">\n\t\t\t\t\t\t\t<div class=\"elementor-spacer\">\n\t\t\t<div class=\"elementor-spacer-inner\"><\/div>\n\t\t<\/div>\n\t\t\t\t\t\t<\/div>\n\t\t\t\t<\/div>\n\t\t\t\t<\/div>\n\t\t\t\t<\/div>\n\t\t\t\t<\/div>\n\t\t<div class=\"elementor-element elementor-element-ade7a53 e-flex e-con-boxed e-con e-parent\" data-id=\"ade7a53\" data-element_type=\"container\" data-e-type=\"container\" data-settings=\"{&quot;background_background&quot;:&quot;classic&quot;}\">\n\t\t\t\t\t<div class=\"e-con-inner\">\n\t\t\t\t<div class=\"elementor-element elementor-element-a33806c elementor-widget elementor-widget-html\" data-id=\"a33806c\" data-element_type=\"widget\" data-e-type=\"widget\" data-widget_type=\"html.default\">\n\t\t\t\t<div class=\"elementor-widget-container\">\n\t\t\t\t\t<iframe\n  src=\"https:\/\/artiwise.com\/tr\/wp-content\/uploads\/sites\/2\/2025\/07\/Artiwise-Logo-Kilavuzu-1.pdf\"\n  width=\"100%\"\n  height=\"700px\"\n  style=\"border:none;\">\n<\/iframe>\n\t\t\t\t<\/div>\n\t\t\t\t<\/div>\n\t\t\t\t\t<\/div>\n\t\t\t\t<\/div>\n\t\t\t\t<\/div>\n\t\t","protected":false},"excerpt":{"rendered":"<p>Artiwise Logo Kiti Artiwise logosunun do\u011fru ve tutarl\u0131 \u015fekilde kullan\u0131lmas\u0131n\u0131 sa\u011flamak i\u00e7in haz\u0131rlad\u0131\u011f\u0131m\u0131z Kurumsal Logo Kullan\u0131m Standartlar\u0131\u2019na bu sayfadan kolayca ula\u015fabilirsiniz. K\u0131lavuz, markam\u0131z\u0131 t\u00fcm platformlarda profesyonelce temsil etmenize yard\u0131mc\u0131 olur. A\u015fa\u011f\u0131da, k\u0131lavuzu do\u011frudan bu sayfa \u00fczerinden inceleyebilir ve t\u00fcm logo dosyalar\u0131n\u0131 i\u00e7eren paketi (.png, .svg, .ai ve di\u011fer formatlar) butondan indirebilirsiniz. Logo Dosyalar\u0131n\u0131 \u0130ndir<\/p>\n","protected":false},"author":1,"featured_media":5883,"parent":0,"menu_order":0,"comment_status":"closed","ping_status":"closed","template":"","meta":{"footnotes":""},"categories":[],"tags":[],"class_list":["post-5825","page","type-page","status-publish","has-post-thumbnail","hentry"],"yoast_head":"<!-- This site is optimized with the Yoast SEO plugin v27.1.1 - https:\/\/yoast.com\/product\/yoast-seo-wordpress\/ -->\n<title>Logo Kiti - Artiwise<\/title>\n<meta name=\"description\" content=\"K\u0131lavuzu do\u011frudan bu sayfa \u00fczerinden inceleyebilir ve t\u00fcm logo dosyalar\u0131n\u0131 i\u00e7eren paketi (.png, .svg, .ai ve di\u011fer formatlar) butondan indirebilirsiniz.\" \/>\n<meta name=\"robots\" content=\"index, follow, max-snippet:-1, max-image-preview:large, max-video-preview:-1\" \/>\n<link rel=\"canonical\" href=\"https:\/\/artiwise.com\/tr\/logo-kiti\/\" \/>\n<meta property=\"og:locale\" content=\"tr_TR\" \/>\n<meta property=\"og:type\" content=\"article\" \/>\n<meta property=\"og:title\" content=\"Logo Kiti - Artiwise\" \/>\n<meta property=\"og:description\" content=\"K\u0131lavuzu do\u011frudan bu sayfa \u00fczerinden inceleyebilir ve t\u00fcm logo dosyalar\u0131n\u0131 i\u00e7eren paketi (.png, .svg, .ai ve di\u011fer formatlar) butondan indirebilirsiniz.\" \/>\n<meta property=\"og:url\" content=\"https:\/\/artiwise.com\/tr\/logo-kiti\/\" \/>\n<meta property=\"og:site_name\" content=\"Artiwise\" \/>\n<meta property=\"article:modified_time\" content=\"2025-07-29T11:41:05+00:00\" \/>\n<meta property=\"og:image\" content=\"https:\/\/artiwise.com\/tr\/wp-content\/uploads\/sites\/2\/2025\/07\/cropped-Logo-icon.png\" \/>\n\t<meta property=\"og:image:width\" content=\"512\" \/>\n\t<meta property=\"og:image:height\" content=\"512\" \/>\n\t<meta property=\"og:image:type\" content=\"image\/png\" \/>\n<meta name=\"twitter:card\" content=\"summary_large_image\" \/>\n<meta name=\"twitter:label1\" content=\"Tahmini okuma s\u00fcresi\" \/>\n\t<meta name=\"twitter:data1\" content=\"1 dakika\" \/>\n<script type=\"application\/ld+json\" class=\"yoast-schema-graph\">{\"@context\":\"https:\/\/schema.org\",\"@graph\":[{\"@type\":\"WebPage\",\"@id\":\"https:\/\/artiwise.com\/tr\/logo-kiti\/\",\"url\":\"https:\/\/artiwise.com\/tr\/logo-kiti\/\",\"name\":\"Logo Kiti - Artiwise\",\"isPartOf\":{\"@id\":\"https:\/\/artiwise.com\/tr\/#website\"},\"primaryImageOfPage\":{\"@id\":\"https:\/\/artiwise.com\/tr\/logo-kiti\/#primaryimage\"},\"image\":{\"@id\":\"https:\/\/artiwise.com\/tr\/logo-kiti\/#primaryimage\"},\"thumbnailUrl\":\"https:\/\/artiwise.com\/tr\/wp-content\/uploads\/sites\/2\/2025\/07\/cropped-Logo-icon.png\",\"datePublished\":\"2025-07-23T07:45:24+00:00\",\"dateModified\":\"2025-07-29T11:41:05+00:00\",\"description\":\"K\u0131lavuzu do\u011frudan bu sayfa \u00fczerinden inceleyebilir ve t\u00fcm logo dosyalar\u0131n\u0131 i\u00e7eren paketi (.png, .svg, .ai ve di\u011fer formatlar) butondan indirebilirsiniz.\",\"breadcrumb\":{\"@id\":\"https:\/\/artiwise.com\/tr\/logo-kiti\/#breadcrumb\"},\"inLanguage\":\"tr\",\"potentialAction\":[{\"@type\":\"ReadAction\",\"target\":[\"https:\/\/artiwise.com\/tr\/logo-kiti\/\"]}]},{\"@type\":\"ImageObject\",\"inLanguage\":\"tr\",\"@id\":\"https:\/\/artiwise.com\/tr\/logo-kiti\/#primaryimage\",\"url\":\"https:\/\/artiwise.com\/tr\/wp-content\/uploads\/sites\/2\/2025\/07\/cropped-Logo-icon.png\",\"contentUrl\":\"https:\/\/artiwise.com\/tr\/wp-content\/uploads\/sites\/2\/2025\/07\/cropped-Logo-icon.png\",\"width\":512,\"height\":512},{\"@type\":\"BreadcrumbList\",\"@id\":\"https:\/\/artiwise.com\/tr\/logo-kiti\/#breadcrumb\",\"itemListElement\":[{\"@type\":\"ListItem\",\"position\":1,\"name\":\"Home\",\"item\":\"https:\/\/artiwise.com\/tr\/\"},{\"@type\":\"ListItem\",\"position\":2,\"name\":\"Logo Kiti\"}]},{\"@type\":\"WebSite\",\"@id\":\"https:\/\/artiwise.com\/tr\/#website\",\"url\":\"https:\/\/artiwise.com\/tr\/\",\"name\":\"Artiwise\",\"description\":\"Yapay Zeka M\u00fc\u015fteri Deneyimi Y\u00f6netimi Platformu\",\"publisher\":{\"@id\":\"https:\/\/artiwise.com\/tr\/#organization\"},\"potentialAction\":[{\"@type\":\"SearchAction\",\"target\":{\"@type\":\"EntryPoint\",\"urlTemplate\":\"https:\/\/artiwise.com\/tr\/?s={search_term_string}\"},\"query-input\":{\"@type\":\"PropertyValueSpecification\",\"valueRequired\":true,\"valueName\":\"search_term_string\"}}],\"inLanguage\":\"tr\"},{\"@type\":\"Organization\",\"@id\":\"https:\/\/artiwise.com\/tr\/#organization\",\"name\":\"Artiwise\",\"url\":\"https:\/\/artiwise.com\/tr\/\",\"logo\":{\"@type\":\"ImageObject\",\"inLanguage\":\"tr\",\"@id\":\"https:\/\/artiwise.com\/tr\/#\/schema\/logo\/image\/\",\"url\":\"https:\/\/artiwise.com\/tr\/wp-content\/uploads\/sites\/2\/2024\/02\/Artiwiselogo-tfume@1x.svg\",\"contentUrl\":\"https:\/\/artiwise.com\/tr\/wp-content\/uploads\/sites\/2\/2024\/02\/Artiwiselogo-tfume@1x.svg\",\"width\":207,\"height\":37,\"caption\":\"Artiwise\"},\"image\":{\"@id\":\"https:\/\/artiwise.com\/tr\/#\/schema\/logo\/image\/\"}}]}<\/script>\n<!-- \/ Yoast SEO plugin. -->","yoast_head_json":{"title":"Logo Kiti - Artiwise","description":"K\u0131lavuzu do\u011frudan bu sayfa \u00fczerinden inceleyebilir ve t\u00fcm logo dosyalar\u0131n\u0131 i\u00e7eren paketi (.png, .svg, .ai ve di\u011fer formatlar) butondan indirebilirsiniz.","robots":{"index":"index","follow":"follow","max-snippet":"max-snippet:-1","max-image-preview":"max-image-preview:large","max-video-preview":"max-video-preview:-1"},"canonical":"https:\/\/artiwise.com\/tr\/logo-kiti\/","og_locale":"tr_TR","og_type":"article","og_title":"Logo Kiti - Artiwise","og_description":"K\u0131lavuzu do\u011frudan bu sayfa \u00fczerinden inceleyebilir ve t\u00fcm logo dosyalar\u0131n\u0131 i\u00e7eren paketi (.png, .svg, .ai ve di\u011fer formatlar) butondan indirebilirsiniz.","og_url":"https:\/\/artiwise.com\/tr\/logo-kiti\/","og_site_name":"Artiwise","article_modified_time":"2025-07-29T11:41:05+00:00","og_image":[{"width":512,"height":512,"url":"https:\/\/artiwise.com\/tr\/wp-content\/uploads\/sites\/2\/2025\/07\/cropped-Logo-icon.png","type":"image\/png"}],"twitter_card":"summary_large_image","twitter_misc":{"Tahmini okuma s\u00fcresi":"1 dakika"},"schema":{"@context":"https:\/\/schema.org","@graph":[{"@type":"WebPage","@id":"https:\/\/artiwise.com\/tr\/logo-kiti\/","url":"https:\/\/artiwise.com\/tr\/logo-kiti\/","name":"Logo Kiti - Artiwise","isPartOf":{"@id":"https:\/\/artiwise.com\/tr\/#website"},"primaryImageOfPage":{"@id":"https:\/\/artiwise.com\/tr\/logo-kiti\/#primaryimage"},"image":{"@id":"https:\/\/artiwise.com\/tr\/logo-kiti\/#primaryimage"},"thumbnailUrl":"https:\/\/artiwise.com\/tr\/wp-content\/uploads\/sites\/2\/2025\/07\/cropped-Logo-icon.png","datePublished":"2025-07-23T07:45:24+00:00","dateModified":"2025-07-29T11:41:05+00:00","description":"K\u0131lavuzu do\u011frudan bu sayfa \u00fczerinden inceleyebilir ve t\u00fcm logo dosyalar\u0131n\u0131 i\u00e7eren paketi (.png, .svg, .ai ve di\u011fer formatlar) butondan indirebilirsiniz.","breadcrumb":{"@id":"https:\/\/artiwise.com\/tr\/logo-kiti\/#breadcrumb"},"inLanguage":"tr","potentialAction":[{"@type":"ReadAction","target":["https:\/\/artiwise.com\/tr\/logo-kiti\/"]}]},{"@type":"ImageObject","inLanguage":"tr","@id":"https:\/\/artiwise.com\/tr\/logo-kiti\/#primaryimage","url":"https:\/\/artiwise.com\/tr\/wp-content\/uploads\/sites\/2\/2025\/07\/cropped-Logo-icon.png","contentUrl":"https:\/\/artiwise.com\/tr\/wp-content\/uploads\/sites\/2\/2025\/07\/cropped-Logo-icon.png","width":512,"height":512},{"@type":"BreadcrumbList","@id":"https:\/\/artiwise.com\/tr\/logo-kiti\/#breadcrumb","itemListElement":[{"@type":"ListItem","position":1,"name":"Home","item":"https:\/\/artiwise.com\/tr\/"},{"@type":"ListItem","position":2,"name":"Logo Kiti"}]},{"@type":"WebSite","@id":"https:\/\/artiwise.com\/tr\/#website","url":"https:\/\/artiwise.com\/tr\/","name":"Artiwise","description":"Yapay Zeka M\u00fc\u015fteri Deneyimi Y\u00f6netimi Platformu","publisher":{"@id":"https:\/\/artiwise.com\/tr\/#organization"},"potentialAction":[{"@type":"SearchAction","target":{"@type":"EntryPoint","urlTemplate":"https:\/\/artiwise.com\/tr\/?s={search_term_string}"},"query-input":{"@type":"PropertyValueSpecification","valueRequired":true,"valueName":"search_term_string"}}],"inLanguage":"tr"},{"@type":"Organization","@id":"https:\/\/artiwise.com\/tr\/#organization","name":"Artiwise","url":"https:\/\/artiwise.com\/tr\/","logo":{"@type":"ImageObject","inLanguage":"tr","@id":"https:\/\/artiwise.com\/tr\/#\/schema\/logo\/image\/","url":"https:\/\/artiwise.com\/tr\/wp-content\/uploads\/sites\/2\/2024\/02\/Artiwiselogo-tfume@1x.svg","contentUrl":"https:\/\/artiwise.com\/tr\/wp-content\/uploads\/sites\/2\/2024\/02\/Artiwiselogo-tfume@1x.svg","width":207,"height":37,"caption":"Artiwise"},"image":{"@id":"https:\/\/artiwise.com\/tr\/#\/schema\/logo\/image\/"}}]}},"_links":{"self":[{"href":"https:\/\/artiwise.com\/tr\/wp-json\/wp\/v2\/pages\/5825","targetHints":{"allow":["GET"]}}],"collection":[{"href":"https:\/\/artiwise.com\/tr\/wp-json\/wp\/v2\/pages"}],"about":[{"href":"https:\/\/artiwise.com\/tr\/wp-json\/wp\/v2\/types\/page"}],"author":[{"embeddable":true,"href":"https:\/\/artiwise.com\/tr\/wp-json\/wp\/v2\/users\/1"}],"replies":[{"embeddable":true,"href":"https:\/\/artiwise.com\/tr\/wp-json\/wp\/v2\/comments?post=5825"}],"version-history":[{"count":41,"href":"https:\/\/artiwise.com\/tr\/wp-json\/wp\/v2\/pages\/5825\/revisions"}],"predecessor-version":[{"id":5914,"href":"https:\/\/artiwise.com\/tr\/wp-json\/wp\/v2\/pages\/5825\/revisions\/5914"}],"wp:featuredmedia":[{"embeddable":true,"href":"https:\/\/artiwise.com\/tr\/wp-json\/wp\/v2\/media\/5883"}],"wp:attachment":[{"href":"https:\/\/artiwise.com\/tr\/wp-json\/wp\/v2\/media?parent=5825"}],"wp:term":[{"taxonomy":"category","embeddable":true,"href":"https:\/\/artiwise.com\/tr\/wp-json\/wp\/v2\/categories?post=5825"},{"taxonomy":"post_tag","embeddable":true,"href":"https:\/\/artiwise.com\/tr\/wp-json\/wp\/v2\/tags?post=5825"}],"curies":[{"name":"wp","href":"https:\/\/api.w.org\/{rel}","templated":true}]}}