{"id":6684,"date":"2025-11-27T07:56:53","date_gmt":"2025-11-27T07:56:53","guid":{"rendered":"https:\/\/artiwise.com\/tr\/?page_id=6684"},"modified":"2025-12-17T20:27:42","modified_gmt":"2025-12-17T20:27:42","slug":"kahvalti-bulusmasi","status":"publish","type":"page","link":"https:\/\/artiwise.com\/tr\/kahvalti-bulusmasi\/","title":{"rendered":"18 Aral\u0131k 2025 Kahvalt\u0131 Bulu\u015fmas\u0131"},"content":{"rendered":"\t\t<div data-elementor-type=\"wp-page\" data-elementor-id=\"6684\" class=\"elementor elementor-6684\" data-elementor-post-type=\"page\">\n\t\t\t\t<div class=\"elementor-element elementor-element-0ca08b8 only-desktop-banner e-flex e-con-boxed e-con e-parent\" data-id=\"0ca08b8\" data-element_type=\"container\" data-e-type=\"container\">\n\t\t\t\t\t<div class=\"e-con-inner\">\n\t\t\t\t<div class=\"elementor-element elementor-element-37d205f only-desktop-banner elementor-widget elementor-widget-html\" data-id=\"37d205f\" data-element_type=\"widget\" data-e-type=\"widget\" data-widget_type=\"html.default\">\n\t\t\t\t<div class=\"elementor-widget-container\">\n\t\t\t\t\t<img decoding=\"async\" src=\"https:\/\/artiwise.com\/tr\/wp-content\/uploads\/sites\/2\/2025\/11\/banner-kahvalti-01.svg\" \n     class=\"only-desktop-banner full-width-banner\" \n     alt=\"Artiwise Banner\">\n\t\t\t\t<\/div>\n\t\t\t\t<\/div>\n\t\t\t\t\t<\/div>\n\t\t\t\t<\/div>\n\t\t<div class=\"elementor-element elementor-element-6a05857 e-flex e-con-boxed e-con e-parent\" data-id=\"6a05857\" data-element_type=\"container\" data-e-type=\"container\">\n\t\t\t\t\t<div class=\"e-con-inner\">\n\t\t<div class=\"elementor-element elementor-element-d462a52 e-con-full e-flex e-con e-child\" data-id=\"d462a52\" data-element_type=\"container\" data-e-type=\"container\">\n\t\t<div class=\"elementor-element elementor-element-d6bdbfc e-con-full e-flex e-con e-child\" data-id=\"d6bdbfc\" data-element_type=\"container\" data-e-type=\"container\">\n\t\t\t\t<div class=\"elementor-element elementor-element-e636c54 only-mobile-banner elementor-widget elementor-widget-html\" data-id=\"e636c54\" data-element_type=\"widget\" data-e-type=\"widget\" data-widget_type=\"html.default\">\n\t\t\t\t<div class=\"elementor-widget-container\">\n\t\t\t\t\t<img decoding=\"async\" src=\"https:\/\/artiwise.com\/tr\/wp-content\/uploads\/sites\/2\/2025\/11\/banner-copy@4x.png\" class=\"only-mobile-banner\" alt=\"Artiwise Banner\">\n\t\t\t\t<\/div>\n\t\t\t\t<\/div>\n\t\t\t\t<div class=\"elementor-element elementor-element-8af3e77 elementor-widget elementor-widget-html\" data-id=\"8af3e77\" data-element_type=\"widget\" data-e-type=\"widget\" data-widget_type=\"html.default\">\n\t\t\t\t<div class=\"elementor-widget-container\">\n\t\t\t\t\t<section class=\"hero-floating\">\n  <div class=\"hero-visual\">\n    <div class=\"floating-card card-1\">\n      <div class=\"card-icon\">\ud83d\udcac<\/div>\n      <div class=\"card-title\">2025 \u00d6zet <br>Bu Y\u0131l Neleri Ba\u015fard\u0131k?<\/div>\n      <div class=\"card-text\">2025, CXM\u2019de d\u00f6n\u00fc\u015f\u00fcm y\u0131l\u0131 oldu.<\/div>\n    <\/div>\n    \n        <div class=\"floating-card card-2\">\n      <div class=\"card-icon\">\u2728<\/div>\n      <div class=\"card-title\">2026 F\u0131rsatlar\u0131<br>Yeni Y\u0131lda Bizi Ne Bekliyor?<\/div>\n      <div class=\"card-text\">Sekt\u00f6rlere g\u00f6re CX beklentileri<\/div>\n    <\/div>\n\n    <div class=\"floating-card card-3\">\n      <div class=\"card-icon\">\ud83c\udfaf<\/div>\n      <div class=\"card-title\">Networking & Sohbet<\/div>\n      <div class=\"card-text\">Sizi dinlemek istiyoruz.<\/div>\n    <\/div>\n\n\n  <\/div>\n<\/section>\n\t\t\t\t<\/div>\n\t\t\t\t<\/div>\n\t\t\t\t<div class=\"elementor-element elementor-element-e16462e elementor-widget elementor-widget-html\" data-id=\"e16462e\" data-element_type=\"widget\" data-e-type=\"widget\" data-widget_type=\"html.default\">\n\t\t\t\t<div class=\"elementor-widget-container\">\n\t\t\t\t\t<div class=\"program-container\">\n  <div class=\"program-header\">Kahvalt\u0131 Bulu\u015fmas\u0131 Program\u0131<\/div>\n\n  <div class=\"program-item\">\n    <div class=\"program-time\">09:30 \u2013 09:50<\/div>\n    <div class=\"program-content\">\n      <img decoding=\"async\" class=\"program-photo\" src=\"https:\/\/artiwise.com\/tr\/wp-content\/uploads\/sites\/2\/2025\/11\/tanel-temel.png\" alt=\"Tanel Temel\">\n      <div class=\"program-text\">\n        <div class=\"program-name\">Tanel Temel<\/div>\n        <div class=\"program-role\">Co-Founder & CEO<\/div>\n      <\/div>\n    <\/div>\n  <\/div>\n\n  <div class=\"program-item\">\n    <div class=\"program-time\">09:50 \u2013 10:30<\/div>\n    <div class=\"program-content\">\n      <img decoding=\"async\" class=\"program-photo\" src=\"https:\/\/artiwise.com\/tr\/wp-content\/uploads\/sites\/2\/2025\/11\/ozlem-derya.png\" alt=\"\u00d6zlem Derya\">\n      <div class=\"program-text\">\n        <div class=\"program-name\">\u00d6zlem Derya<\/div>\n        <div class=\"program-role\">Director of Customer Management<\/div>\n      <\/div>\n    <\/div>\n  <\/div>\n\n  <div class=\"program-break\">\u2615 10:30 \u2013 11:00 Ara<\/div>\n\n  <div class=\"program-item\">\n    <div class=\"program-time\">11:00 \u2013 11:10<\/div>\n    <div class=\"program-content\">\n      <img decoding=\"async\" class=\"program-photo\" src=\"https:\/\/artiwise.com\/tr\/wp-content\/uploads\/sites\/2\/2025\/11\/emrah-acar.png\" alt=\"Emrah Acar\">\n      <div class=\"program-text\">\n        <div class=\"program-name\">Emrah Acar<\/div>\n        <div class=\"program-role\">Director of Sales & Marketing<\/div>\n      <\/div>\n    <\/div>\n  <\/div>\n\n  <div class=\"program-item\">\n    <div class=\"program-time\">11:10 \u2013 11:40<\/div>\n    <div class=\"program-content\">\n      <img decoding=\"async\" class=\"program-photo\" src=\"https:\/\/artiwise.com\/tr\/wp-content\/uploads\/sites\/2\/2025\/11\/fatih-samet-cetin.png\" alt=\"Fatih Samet \u00c7etin\">\n      <div class=\"program-text\">\n        <div class=\"program-name\">Fatih Samet \u00c7etin<\/div>\n        <div class=\"program-role\">Co-Founder & CTO<\/div>\n      <\/div>\n    <\/div>\n  <\/div>\n<\/div>\n\t\t\t\t<\/div>\n\t\t\t\t<\/div>\n\t\t\t\t<div class=\"elementor-element elementor-element-90b859b elementor-widget elementor-widget-spacer\" data-id=\"90b859b\" data-element_type=\"widget\" data-e-type=\"widget\" data-widget_type=\"spacer.default\">\n\t\t\t\t<div class=\"elementor-widget-container\">\n\t\t\t\t\t\t\t<div class=\"elementor-spacer\">\n\t\t\t<div class=\"elementor-spacer-inner\"><\/div>\n\t\t<\/div>\n\t\t\t\t\t\t<\/div>\n\t\t\t\t<\/div>\n\t\t<div class=\"elementor-element elementor-element-5a9b916 e-con-full e-flex e-con e-child\" data-id=\"5a9b916\" data-element_type=\"container\" data-e-type=\"container\">\n\t\t<div class=\"elementor-element elementor-element-4328293 e-grid e-con-full e-con e-child\" data-id=\"4328293\" data-element_type=\"container\" data-e-type=\"container\">\n\t\t<div class=\"elementor-element elementor-element-ff4b407 e-con-full e-flex e-con e-child\" data-id=\"ff4b407\" data-element_type=\"container\" data-e-type=\"container\">\n\t\t\t\t<div class=\"elementor-element elementor-element-5ea5d3c elementor-view-default elementor-position-block-start elementor-mobile-position-block-start elementor-widget elementor-widget-icon-box\" data-id=\"5ea5d3c\" data-element_type=\"widget\" data-e-type=\"widget\" data-widget_type=\"icon-box.default\">\n\t\t\t\t<div class=\"elementor-widget-container\">\n\t\t\t\t\t\t\t<div class=\"elementor-icon-box-wrapper\">\n\n\t\t\t\t\t\t<div class=\"elementor-icon-box-icon\">\n\t\t\t\t<span  class=\"elementor-icon\">\n\t\t\t\t<svg aria-hidden=\"true\" class=\"e-font-icon-svg e-fas-search-location\" viewBox=\"0 0 512 512\" xmlns=\"http:\/\/www.w3.org\/2000\/svg\"><path d=\"M505.04 442.66l-99.71-99.69c-4.5-4.5-10.6-7-17-7h-16.3c27.6-35.3 44-79.69 44-127.99C416.03 93.09 322.92 0 208.02 0S0 93.09 0 207.98s93.11 207.98 208.02 207.98c48.3 0 92.71-16.4 128.01-44v16.3c0 6.4 2.5 12.5 7 17l99.71 99.69c9.4 9.4 24.6 9.4 33.9 0l28.3-28.3c9.4-9.4 9.4-24.59.1-33.99zm-297.02-90.7c-79.54 0-144-64.34-144-143.98 0-79.53 64.35-143.98 144-143.98 79.54 0 144 64.34 144 143.98 0 79.53-64.35 143.98-144 143.98zm.02-239.96c-40.78 0-73.84 33.05-73.84 73.83 0 32.96 48.26 93.05 66.75 114.86a9.24 9.24 0 0 0 14.18 0c18.49-21.81 66.75-81.89 66.75-114.86 0-40.78-33.06-73.83-73.84-73.83zm0 96c-13.26 0-24-10.75-24-24 0-13.26 10.75-24 24-24s24 10.74 24 24c0 13.25-10.75 24-24 24z\"><\/path><\/svg>\t\t\t\t<\/span>\n\t\t\t<\/div>\n\t\t\t\n\t\t\t\t\t\t<div class=\"elementor-icon-box-content\">\n\n\t\t\t\t\t\t\t\t\t<h3 class=\"elementor-icon-box-title\">\n\t\t\t\t\t\t<span  >\n\t\t\t\t\t\t\tEtkinlik Nerede?\t\t\t\t\t\t<\/span>\n\t\t\t\t\t<\/h3>\n\t\t\t\t\n\t\t\t\t\t\t\t\t\t<p class=\"elementor-icon-box-description\">\n\t\t\t\t\t\t<strong>Etkinlik Yeri:<\/strong> Radisson Blu Bosphorus Hotel, Be\u015fikta\u015f\n@Pupa Teras Toplant\u0131 Salonu\n\n<br><br><strong>Adres:<\/strong> \u00c7\u0131ra\u011fan Cad. No:46 Ortak\u00f6y, Be\u015fikta\u015f 34349, \u0130stanbul\/T\u00fcrkiye.\t\t\t\t\t<\/p>\n\t\t\t\t\n\t\t\t<\/div>\n\t\t\t\n\t\t<\/div>\n\t\t\t\t\t\t<\/div>\n\t\t\t\t<\/div>\n\t\t\t\t<\/div>\n\t\t\t\t<div class=\"elementor-element elementor-element-9bb6487 elementor-widget elementor-widget-google_maps\" data-id=\"9bb6487\" data-element_type=\"widget\" data-e-type=\"widget\" data-widget_type=\"google_maps.default\">\n\t\t\t\t<div class=\"elementor-widget-container\">\n\t\t\t\t\t\t\t<div class=\"elementor-custom-embed\">\n\t\t\t<iframe loading=\"lazy\"\n\t\t\t\t\tsrc=\"https:\/\/maps.google.com\/maps?q=raddison%20blu%20bosphorus&#038;t=m&#038;z=15&#038;output=embed&#038;iwloc=near\"\n\t\t\t\t\ttitle=\"raddison blu bosphorus\"\n\t\t\t\t\taria-label=\"raddison blu bosphorus\"\n\t\t\t><\/iframe>\n\t\t<\/div>\n\t\t\t\t\t\t<\/div>\n\t\t\t\t<\/div>\n\t\t\t\t<\/div>\n\t\t\t\t<\/div>\n\t\t\t\t<\/div>\n\t\t\t\t<\/div>\n\t\t\t\t\t<\/div>\n\t\t\t\t<\/div>\n\t\t<div class=\"elementor-element elementor-element-cd997d0 e-con-full e-flex e-con e-child\" data-id=\"cd997d0\" data-element_type=\"container\" data-e-type=\"container\" data-settings=\"{&quot;background_background&quot;:&quot;classic&quot;}\">\n\t\t<div class=\"elementor-element elementor-element-5f5b75d e-con-full e-flex e-con e-child\" data-id=\"5f5b75d\" data-element_type=\"container\" data-e-type=\"container\">\n\t\t<div class=\"elementor-element elementor-element-758759c e-con-full e-flex e-con e-child\" data-id=\"758759c\" data-element_type=\"container\" data-e-type=\"container\">\n\t\t\t\t<div class=\"elementor-element elementor-element-3126296 elementor-widget elementor-widget-spacer\" data-id=\"3126296\" data-element_type=\"widget\" data-e-type=\"widget\" data-widget_type=\"spacer.default\">\n\t\t\t\t<div class=\"elementor-widget-container\">\n\t\t\t\t\t\t\t<div class=\"elementor-spacer\">\n\t\t\t<div class=\"elementor-spacer-inner\"><\/div>\n\t\t<\/div>\n\t\t\t\t\t\t<\/div>\n\t\t\t\t<\/div>\n\t\t\t\t<div class=\"elementor-element elementor-element-25e23cf elementor-widget elementor-widget-heading\" data-id=\"25e23cf\" data-element_type=\"widget\" data-e-type=\"widget\" data-widget_type=\"heading.default\">\n\t\t\t\t<div class=\"elementor-widget-container\">\n\t\t\t\t\t<h2 class=\"elementor-heading-title elementor-size-default\">CX\u2019i Par\u00e7a Par\u00e7a De\u011fil, Tek Platformdan Y\u00f6netin.<\/h2>\t\t\t\t<\/div>\n\t\t\t\t<\/div>\n\t\t\t\t<div class=\"elementor-element elementor-element-33903e3 elementor-widget__width-initial elementor-widget elementor-widget-heading\" data-id=\"33903e3\" data-element_type=\"widget\" data-e-type=\"widget\" data-widget_type=\"heading.default\">\n\t\t\t\t<div class=\"elementor-widget-container\">\n\t\t\t\t\t<h2 class=\"elementor-heading-title elementor-size-default\">Detayl\u0131 rapor almak ve g\u00f6r\u00fc\u015fme talep etmek i\u00e7in formu\ndoldurun.<\/h2>\t\t\t\t<\/div>\n\t\t\t\t<\/div>\n\t\t\t\t<div class=\"elementor-element elementor-element-2fb79e7 elementor-widget elementor-widget-spacer\" data-id=\"2fb79e7\" data-element_type=\"widget\" data-e-type=\"widget\" data-widget_type=\"spacer.default\">\n\t\t\t\t<div class=\"elementor-widget-container\">\n\t\t\t\t\t\t\t<div class=\"elementor-spacer\">\n\t\t\t<div class=\"elementor-spacer-inner\"><\/div>\n\t\t<\/div>\n\t\t\t\t\t\t<\/div>\n\t\t\t\t<\/div>\n\t\t\t\t<\/div>\n\t\t<div class=\"elementor-element elementor-element-5571a69 e-con-full e-flex e-con e-child\" data-id=\"5571a69\" data-element_type=\"container\" data-e-type=\"container\" data-settings=\"{&quot;background_background&quot;:&quot;classic&quot;}\">\n\t\t\t\t<div class=\"elementor-element elementor-element-9793cbd elementor-widget elementor-widget-html\" data-id=\"9793cbd\" data-element_type=\"widget\" data-e-type=\"widget\" data-widget_type=\"html.default\">\n\t\t\t\t<div class=\"elementor-widget-container\">\n\t\t\t\t\t<div style=\"background-color: transparent; padding: 0;\">\n  <iframe \n    aria-label=\"Artiwise \u0130leti\u015fim Formu TR\"\n    frameborder=\"0\"\n    style=\"height:850px;width:100%;border:none; background: transparent;\"\n    src=\"https:\/\/forms.zohopublic.com\/artiwise1\/form\/ArtiwiseletiimFormuTR\/formperma\/McHG_3oBSjoyDvuD8Y7nMXi6e3ULLPga34uIdBTC7B4\">\n  <\/iframe>\n<\/div>\n\t\t\t\t<\/div>\n\t\t\t\t<\/div>\n\t\t\t\t<\/div>\n\t\t\t\t<\/div>\n\t\t\t\t<\/div>\n\t\t\t\t<\/div>\n\t\t","protected":false},"excerpt":{"rendered":"<p>\ud83d\udcac 2025 \u00d6zet Bu Y\u0131l Neleri Ba\u015fard\u0131k? 2025, CXM\u2019de d\u00f6n\u00fc\u015f\u00fcm y\u0131l\u0131 oldu. \u2728 2026 F\u0131rsatlar\u0131Yeni Y\u0131lda Bizi Ne Bekliyor? Sekt\u00f6rlere g\u00f6re CX beklentileri \ud83c\udfaf Networking &#038; Sohbet Sizi dinlemek istiyoruz. Kahvalt\u0131 Bulu\u015fmas\u0131 Program\u0131 09:30 \u2013 09:50 Tanel Temel Co-Founder &#038; CEO 09:50 \u2013 10:30 \u00d6zlem Derya Director of Customer Management \u2615 10:30 \u2013 11:00 Ara [&hellip;]<\/p>\n","protected":false},"author":1,"featured_media":0,"parent":0,"menu_order":0,"comment_status":"closed","ping_status":"closed","template":"","meta":{"footnotes":""},"categories":[],"tags":[],"class_list":["post-6684","page","type-page","status-publish","hentry"],"yoast_head":"<!-- This site is optimized with the Yoast SEO plugin v27.1.1 - https:\/\/yoast.com\/product\/yoast-seo-wordpress\/ -->\n<title>18 Aral\u0131k 2025 Kahvalt\u0131 Bulu\u015fmas\u0131 - Artiwise<\/title>\n<meta name=\"robots\" content=\"index, follow, max-snippet:-1, max-image-preview:large, max-video-preview:-1\" \/>\n<link rel=\"canonical\" href=\"https:\/\/artiwise.com\/tr\/kahvalti-bulusmasi\/\" \/>\n<meta property=\"og:locale\" content=\"tr_TR\" \/>\n<meta property=\"og:type\" content=\"article\" \/>\n<meta property=\"og:title\" content=\"18 Aral\u0131k 2025 Kahvalt\u0131 Bulu\u015fmas\u0131 - Artiwise\" \/>\n<meta property=\"og:description\" content=\"\ud83d\udcac 2025 \u00d6zet Bu Y\u0131l Neleri Ba\u015fard\u0131k? 2025, CXM\u2019de d\u00f6n\u00fc\u015f\u00fcm y\u0131l\u0131 oldu. \u2728 2026 F\u0131rsatlar\u0131Yeni Y\u0131lda Bizi Ne Bekliyor? Sekt\u00f6rlere g\u00f6re CX beklentileri \ud83c\udfaf Networking &#038; Sohbet Sizi dinlemek istiyoruz. Kahvalt\u0131 Bulu\u015fmas\u0131 Program\u0131 09:30 \u2013 09:50 Tanel Temel Co-Founder &#038; CEO 09:50 \u2013 10:30 \u00d6zlem Derya Director of Customer Management \u2615 10:30 \u2013 11:00 Ara [&hellip;]\" \/>\n<meta property=\"og:url\" content=\"https:\/\/artiwise.com\/tr\/kahvalti-bulusmasi\/\" \/>\n<meta property=\"og:site_name\" content=\"Artiwise\" \/>\n<meta property=\"article:modified_time\" content=\"2025-12-17T20:27:42+00:00\" \/>\n<meta property=\"og:image\" content=\"https:\/\/artiwise.com\/tr\/wp-content\/uploads\/sites\/2\/2025\/11\/banner-kahvalti-01.svg\" \/>\n<meta name=\"twitter:card\" content=\"summary_large_image\" \/>\n<meta name=\"twitter:label1\" content=\"Tahmini okuma s\u00fcresi\" \/>\n\t<meta name=\"twitter:data1\" content=\"2 dakika\" \/>\n<script type=\"application\/ld+json\" class=\"yoast-schema-graph\">{\"@context\":\"https:\/\/schema.org\",\"@graph\":[{\"@type\":\"WebPage\",\"@id\":\"https:\/\/artiwise.com\/tr\/kahvalti-bulusmasi\/\",\"url\":\"https:\/\/artiwise.com\/tr\/kahvalti-bulusmasi\/\",\"name\":\"18 Aral\u0131k 2025 Kahvalt\u0131 Bulu\u015fmas\u0131 - Artiwise\",\"isPartOf\":{\"@id\":\"https:\/\/artiwise.com\/tr\/#website\"},\"primaryImageOfPage\":{\"@id\":\"https:\/\/artiwise.com\/tr\/kahvalti-bulusmasi\/#primaryimage\"},\"image\":{\"@id\":\"https:\/\/artiwise.com\/tr\/kahvalti-bulusmasi\/#primaryimage\"},\"thumbnailUrl\":\"https:\/\/artiwise.com\/tr\/wp-content\/uploads\/sites\/2\/2025\/11\/banner-kahvalti-01.svg\",\"datePublished\":\"2025-11-27T07:56:53+00:00\",\"dateModified\":\"2025-12-17T20:27:42+00:00\",\"breadcrumb\":{\"@id\":\"https:\/\/artiwise.com\/tr\/kahvalti-bulusmasi\/#breadcrumb\"},\"inLanguage\":\"tr\",\"potentialAction\":[{\"@type\":\"ReadAction\",\"target\":[\"https:\/\/artiwise.com\/tr\/kahvalti-bulusmasi\/\"]}]},{\"@type\":\"ImageObject\",\"inLanguage\":\"tr\",\"@id\":\"https:\/\/artiwise.com\/tr\/kahvalti-bulusmasi\/#primaryimage\",\"url\":\"https:\/\/artiwise.com\/tr\/wp-content\/uploads\/sites\/2\/2025\/11\/banner-kahvalti-01.svg\",\"contentUrl\":\"https:\/\/artiwise.com\/tr\/wp-content\/uploads\/sites\/2\/2025\/11\/banner-kahvalti-01.svg\",\"width\":1814,\"height\":561},{\"@type\":\"BreadcrumbList\",\"@id\":\"https:\/\/artiwise.com\/tr\/kahvalti-bulusmasi\/#breadcrumb\",\"itemListElement\":[{\"@type\":\"ListItem\",\"position\":1,\"name\":\"Home\",\"item\":\"https:\/\/artiwise.com\/tr\/\"},{\"@type\":\"ListItem\",\"position\":2,\"name\":\"18 Aral\u0131k 2025 Kahvalt\u0131 Bulu\u015fmas\u0131\"}]},{\"@type\":\"WebSite\",\"@id\":\"https:\/\/artiwise.com\/tr\/#website\",\"url\":\"https:\/\/artiwise.com\/tr\/\",\"name\":\"Artiwise\",\"description\":\"Yapay Zeka M\u00fc\u015fteri Deneyimi Y\u00f6netimi Platformu\",\"publisher\":{\"@id\":\"https:\/\/artiwise.com\/tr\/#organization\"},\"potentialAction\":[{\"@type\":\"SearchAction\",\"target\":{\"@type\":\"EntryPoint\",\"urlTemplate\":\"https:\/\/artiwise.com\/tr\/?s={search_term_string}\"},\"query-input\":{\"@type\":\"PropertyValueSpecification\",\"valueRequired\":true,\"valueName\":\"search_term_string\"}}],\"inLanguage\":\"tr\"},{\"@type\":\"Organization\",\"@id\":\"https:\/\/artiwise.com\/tr\/#organization\",\"name\":\"Artiwise\",\"url\":\"https:\/\/artiwise.com\/tr\/\",\"logo\":{\"@type\":\"ImageObject\",\"inLanguage\":\"tr\",\"@id\":\"https:\/\/artiwise.com\/tr\/#\/schema\/logo\/image\/\",\"url\":\"https:\/\/artiwise.com\/tr\/wp-content\/uploads\/sites\/2\/2024\/02\/Artiwiselogo-tfume@1x.svg\",\"contentUrl\":\"https:\/\/artiwise.com\/tr\/wp-content\/uploads\/sites\/2\/2024\/02\/Artiwiselogo-tfume@1x.svg\",\"width\":207,\"height\":37,\"caption\":\"Artiwise\"},\"image\":{\"@id\":\"https:\/\/artiwise.com\/tr\/#\/schema\/logo\/image\/\"}}]}<\/script>\n<!-- \/ Yoast SEO plugin. -->","yoast_head_json":{"title":"18 Aral\u0131k 2025 Kahvalt\u0131 Bulu\u015fmas\u0131 - Artiwise","robots":{"index":"index","follow":"follow","max-snippet":"max-snippet:-1","max-image-preview":"max-image-preview:large","max-video-preview":"max-video-preview:-1"},"canonical":"https:\/\/artiwise.com\/tr\/kahvalti-bulusmasi\/","og_locale":"tr_TR","og_type":"article","og_title":"18 Aral\u0131k 2025 Kahvalt\u0131 Bulu\u015fmas\u0131 - Artiwise","og_description":"\ud83d\udcac 2025 \u00d6zet Bu Y\u0131l Neleri Ba\u015fard\u0131k? 2025, CXM\u2019de d\u00f6n\u00fc\u015f\u00fcm y\u0131l\u0131 oldu. \u2728 2026 F\u0131rsatlar\u0131Yeni Y\u0131lda Bizi Ne Bekliyor? Sekt\u00f6rlere g\u00f6re CX beklentileri \ud83c\udfaf Networking &#038; Sohbet Sizi dinlemek istiyoruz. Kahvalt\u0131 Bulu\u015fmas\u0131 Program\u0131 09:30 \u2013 09:50 Tanel Temel Co-Founder &#038; CEO 09:50 \u2013 10:30 \u00d6zlem Derya Director of Customer Management \u2615 10:30 \u2013 11:00 Ara [&hellip;]","og_url":"https:\/\/artiwise.com\/tr\/kahvalti-bulusmasi\/","og_site_name":"Artiwise","article_modified_time":"2025-12-17T20:27:42+00:00","og_image":[{"url":"https:\/\/artiwise.com\/tr\/wp-content\/uploads\/sites\/2\/2025\/11\/banner-kahvalti-01.svg","type":"","width":"","height":""}],"twitter_card":"summary_large_image","twitter_misc":{"Tahmini okuma s\u00fcresi":"2 dakika"},"schema":{"@context":"https:\/\/schema.org","@graph":[{"@type":"WebPage","@id":"https:\/\/artiwise.com\/tr\/kahvalti-bulusmasi\/","url":"https:\/\/artiwise.com\/tr\/kahvalti-bulusmasi\/","name":"18 Aral\u0131k 2025 Kahvalt\u0131 Bulu\u015fmas\u0131 - Artiwise","isPartOf":{"@id":"https:\/\/artiwise.com\/tr\/#website"},"primaryImageOfPage":{"@id":"https:\/\/artiwise.com\/tr\/kahvalti-bulusmasi\/#primaryimage"},"image":{"@id":"https:\/\/artiwise.com\/tr\/kahvalti-bulusmasi\/#primaryimage"},"thumbnailUrl":"https:\/\/artiwise.com\/tr\/wp-content\/uploads\/sites\/2\/2025\/11\/banner-kahvalti-01.svg","datePublished":"2025-11-27T07:56:53+00:00","dateModified":"2025-12-17T20:27:42+00:00","breadcrumb":{"@id":"https:\/\/artiwise.com\/tr\/kahvalti-bulusmasi\/#breadcrumb"},"inLanguage":"tr","potentialAction":[{"@type":"ReadAction","target":["https:\/\/artiwise.com\/tr\/kahvalti-bulusmasi\/"]}]},{"@type":"ImageObject","inLanguage":"tr","@id":"https:\/\/artiwise.com\/tr\/kahvalti-bulusmasi\/#primaryimage","url":"https:\/\/artiwise.com\/tr\/wp-content\/uploads\/sites\/2\/2025\/11\/banner-kahvalti-01.svg","contentUrl":"https:\/\/artiwise.com\/tr\/wp-content\/uploads\/sites\/2\/2025\/11\/banner-kahvalti-01.svg","width":1814,"height":561},{"@type":"BreadcrumbList","@id":"https:\/\/artiwise.com\/tr\/kahvalti-bulusmasi\/#breadcrumb","itemListElement":[{"@type":"ListItem","position":1,"name":"Home","item":"https:\/\/artiwise.com\/tr\/"},{"@type":"ListItem","position":2,"name":"18 Aral\u0131k 2025 Kahvalt\u0131 Bulu\u015fmas\u0131"}]},{"@type":"WebSite","@id":"https:\/\/artiwise.com\/tr\/#website","url":"https:\/\/artiwise.com\/tr\/","name":"Artiwise","description":"Yapay Zeka M\u00fc\u015fteri Deneyimi Y\u00f6netimi Platformu","publisher":{"@id":"https:\/\/artiwise.com\/tr\/#organization"},"potentialAction":[{"@type":"SearchAction","target":{"@type":"EntryPoint","urlTemplate":"https:\/\/artiwise.com\/tr\/?s={search_term_string}"},"query-input":{"@type":"PropertyValueSpecification","valueRequired":true,"valueName":"search_term_string"}}],"inLanguage":"tr"},{"@type":"Organization","@id":"https:\/\/artiwise.com\/tr\/#organization","name":"Artiwise","url":"https:\/\/artiwise.com\/tr\/","logo":{"@type":"ImageObject","inLanguage":"tr","@id":"https:\/\/artiwise.com\/tr\/#\/schema\/logo\/image\/","url":"https:\/\/artiwise.com\/tr\/wp-content\/uploads\/sites\/2\/2024\/02\/Artiwiselogo-tfume@1x.svg","contentUrl":"https:\/\/artiwise.com\/tr\/wp-content\/uploads\/sites\/2\/2024\/02\/Artiwiselogo-tfume@1x.svg","width":207,"height":37,"caption":"Artiwise"},"image":{"@id":"https:\/\/artiwise.com\/tr\/#\/schema\/logo\/image\/"}}]}},"_links":{"self":[{"href":"https:\/\/artiwise.com\/tr\/wp-json\/wp\/v2\/pages\/6684","targetHints":{"allow":["GET"]}}],"collection":[{"href":"https:\/\/artiwise.com\/tr\/wp-json\/wp\/v2\/pages"}],"about":[{"href":"https:\/\/artiwise.com\/tr\/wp-json\/wp\/v2\/types\/page"}],"author":[{"embeddable":true,"href":"https:\/\/artiwise.com\/tr\/wp-json\/wp\/v2\/users\/1"}],"replies":[{"embeddable":true,"href":"https:\/\/artiwise.com\/tr\/wp-json\/wp\/v2\/comments?post=6684"}],"version-history":[{"count":151,"href":"https:\/\/artiwise.com\/tr\/wp-json\/wp\/v2\/pages\/6684\/revisions"}],"predecessor-version":[{"id":7444,"href":"https:\/\/artiwise.com\/tr\/wp-json\/wp\/v2\/pages\/6684\/revisions\/7444"}],"wp:attachment":[{"href":"https:\/\/artiwise.com\/tr\/wp-json\/wp\/v2\/media?parent=6684"}],"wp:term":[{"taxonomy":"category","embeddable":true,"href":"https:\/\/artiwise.com\/tr\/wp-json\/wp\/v2\/categories?post=6684"},{"taxonomy":"post_tag","embeddable":true,"href":"https:\/\/artiwise.com\/tr\/wp-json\/wp\/v2\/tags?post=6684"}],"curies":[{"name":"wp","href":"https:\/\/api.w.org\/{rel}","templated":true}]}}